{"id":1945,"date":"2019-06-09T16:48:13","date_gmt":"2019-06-09T16:48:13","guid":{"rendered":"https:\/\/karmenbajec.com\/vibracije-v-naravi-2010-2022\/"},"modified":"2024-07-29T04:27:33","modified_gmt":"2024-07-29T04:27:33","slug":"vibracije-v-naravi-2010-2022","status":"publish","type":"page","link":"https:\/\/karmenbajec.com\/sl\/vibracije-v-naravi-2010-2022\/","title":{"rendered":"Vibracije v naravi, 2010 &#8211; 2022"},"content":{"rendered":"\t\t<div data-elementor-type=\"wp-post\" data-elementor-id=\"1945\" class=\"elementor elementor-1945 elementor-984\" data-elementor-post-type=\"page\">\n\t\t\t\t\t\t<section class=\"elementor-section elementor-top-section elementor-element elementor-element-59573406 elementor-section-full_width elementor-section-height-min-height elementor-section-content-middle elementor-section-height-default elementor-section-items-middle\" data-id=\"59573406\" data-element_type=\"section\" data-e-type=\"section\">\n\t\t\t\t\t\t<div class=\"elementor-container elementor-column-gap-default\">\n\t\t\t\t\t<div class=\"elementor-column elementor-col-100 elementor-top-column elementor-element elementor-element-1436a2c4\" data-id=\"1436a2c4\" data-element_type=\"column\" data-e-type=\"column\">\n\t\t\t<div class=\"elementor-widget-wrap elementor-element-populated\">\n\t\t\t\t\t\t<div class=\"elementor-element elementor-element-40d41e25 carousel-dots-yes carousel-arrow-shape-default elementor-widget elementor-widget-slideshow-carousel\" data-id=\"40d41e25\" data-element_type=\"widget\" data-e-type=\"widget\" data-widget_type=\"slideshow-carousel.default\">\n\t\t\t\t<div class=\"elementor-widget-container\">\n\t\t\t\t\t<div class=\"gridblock-owlcarousel-wrap clearfix\"><div id=\"1945-6a09833a42a6b\" class=\"owl-carousel owl-slideshow-element owl-carousel-detect lightgallery-container owl-carousel-type-centercarousel\" data-autoplaytimeout=\"5000\" data-smartspeed=\"1000\" data-id=\"1945-6a09833a42a6b\" data-autoplay=\"true\" data-lazyload=\"true\" data-type=\"centercarousel\"><div class=\"gridblock-slideshow-element\"><a data-elementor-open-lightbox=\"no\" data-exthumbimage=\"https:\/\/karmenbajec.com\/wp-content\/uploads\/2024\/07\/Odmev-solin-zadnje-svetisce-Echo-of-the-Salt-Plains-\u2013-Final-Temple-akril-na-platnu-120x70-cm-2015-160x160.jpg\" class=\"lightbox-active lightbox-image\" data-sub-html=\"<div class=&quot;lightbox-text-wrap &quot;><h4 class=&quot;lightbox-text lightbox-text-title&quot;>Odmev solin - zadnje sveti\u0161\u010de (Echo of the Salt Plains \u2013 Final Temple), akril na platnu, 120x70 cm, 2015<\/h4><\/div>\" href=\"https:\/\/karmenbajec.com\/wp-content\/uploads\/2024\/07\/Odmev-solin-zadnje-svetisce-Echo-of-the-Salt-Plains-\u2013-Final-Temple-akril-na-platnu-120x70-cm-2015-scaled.jpg\" data-src=\"https:\/\/karmenbajec.com\/wp-content\/uploads\/2024\/07\/Odmev-solin-zadnje-svetisce-Echo-of-the-Salt-Plains-\u2013-Final-Temple-akril-na-platnu-120x70-cm-2015-scaled.jpg\"><img data-src=\"https:\/\/karmenbajec.com\/wp-content\/uploads\/2024\/07\/Odmev-solin-zadnje-svetisce-Echo-of-the-Salt-Plains-\u2013-Final-Temple-akril-na-platnu-120x70-cm-2015-scaled.jpg\" alt=\"\" class=\"owl-lazy lazyload\"\/><\/a><div class=\"slideshow-owl-title\">Odmev solin - zadnje sveti\u0161\u010de (Echo of the Salt Plains \u2013 Final Temple), akril na platnu, 120x70 cm, 2015<\/div><\/div><div class=\"gridblock-slideshow-element\"><a data-elementor-open-lightbox=\"no\" data-exthumbimage=\"https:\/\/karmenbajec.com\/wp-content\/uploads\/2024\/07\/Posoda-z-duso-Vessel-with-a-Soul-olje-na-platnu-120x80-cm-2022-1-160x160.jpg\" class=\"lightbox-active lightbox-image\" data-sub-html=\"<div class=&quot;lightbox-text-wrap &quot;><h4 class=&quot;lightbox-text lightbox-text-title&quot;>Posoda z du\u0161o (Vessel with a Soul), olje na platnu, 120x80 cm, 2022<\/h4><\/div>\" href=\"https:\/\/karmenbajec.com\/wp-content\/uploads\/2024\/07\/Posoda-z-duso-Vessel-with-a-Soul-olje-na-platnu-120x80-cm-2022-1-scaled.jpg\" data-src=\"https:\/\/karmenbajec.com\/wp-content\/uploads\/2024\/07\/Posoda-z-duso-Vessel-with-a-Soul-olje-na-platnu-120x80-cm-2022-1-scaled.jpg\"><img data-src=\"https:\/\/karmenbajec.com\/wp-content\/uploads\/2024\/07\/Posoda-z-duso-Vessel-with-a-Soul-olje-na-platnu-120x80-cm-2022-1-scaled.jpg\" alt=\"\" class=\"owl-lazy lazyload\"\/><\/a><div class=\"slideshow-owl-title\">Posoda z du\u0161o (Vessel with a Soul), olje na platnu, 120x80 cm, 2022<\/div><\/div><div class=\"gridblock-slideshow-element\"><a data-elementor-open-lightbox=\"no\" data-exthumbimage=\"https:\/\/karmenbajec.com\/wp-content\/uploads\/2024\/07\/Ptici-v-srcu-Birds-in-the-Heart-olje-na-platnu-30x30-cm-2014-160x160.jpg\" class=\"lightbox-active lightbox-image\" data-sub-html=\"<div class=&quot;lightbox-text-wrap &quot;><h4 class=&quot;lightbox-text lightbox-text-title&quot;>Ptici v srcu (Birds in the Heart), olje na platnu, 30x30 cm, 2014<\/h4><\/div>\" href=\"https:\/\/karmenbajec.com\/wp-content\/uploads\/2024\/07\/Ptici-v-srcu-Birds-in-the-Heart-olje-na-platnu-30x30-cm-2014.jpg\" data-src=\"https:\/\/karmenbajec.com\/wp-content\/uploads\/2024\/07\/Ptici-v-srcu-Birds-in-the-Heart-olje-na-platnu-30x30-cm-2014.jpg\"><img data-src=\"https:\/\/karmenbajec.com\/wp-content\/uploads\/2024\/07\/Ptici-v-srcu-Birds-in-the-Heart-olje-na-platnu-30x30-cm-2014.jpg\" alt=\"\" class=\"owl-lazy lazyload\"\/><\/a><div class=\"slideshow-owl-title\">Ptici v srcu (Birds in the Heart), olje na platnu, 30x30 cm, 2014<\/div><\/div><div class=\"gridblock-slideshow-element\"><a data-elementor-open-lightbox=\"no\" data-exthumbimage=\"https:\/\/karmenbajec.com\/wp-content\/uploads\/2024\/07\/Pticja-pesem-Birds-Song-40x160-cm-olje-na-platnu-2014-160x160.jpg\" class=\"lightbox-active lightbox-image\" data-sub-html=\"<div class=&quot;lightbox-text-wrap &quot;><h4 class=&quot;lightbox-text lightbox-text-title&quot;>Pti\u010dja pesem (Bird&#039;s Song), 40x160 cm, olje na platnu, 2014<\/h4><\/div>\" href=\"https:\/\/karmenbajec.com\/wp-content\/uploads\/2024\/07\/Pticja-pesem-Birds-Song-40x160-cm-olje-na-platnu-2014-scaled.jpg\" data-src=\"https:\/\/karmenbajec.com\/wp-content\/uploads\/2024\/07\/Pticja-pesem-Birds-Song-40x160-cm-olje-na-platnu-2014-scaled.jpg\"><img data-src=\"https:\/\/karmenbajec.com\/wp-content\/uploads\/2024\/07\/Pticja-pesem-Birds-Song-40x160-cm-olje-na-platnu-2014-scaled.jpg\" alt=\"\" class=\"owl-lazy lazyload\"\/><\/a><div class=\"slideshow-owl-title\">Pti\u010dja pesem (Bird's Song), 40x160 cm, olje na platnu, 2014<\/div><\/div><div class=\"gridblock-slideshow-element\"><a data-elementor-open-lightbox=\"no\" data-exthumbimage=\"https:\/\/karmenbajec.com\/wp-content\/uploads\/2024\/07\/Vzlet-slovesa-Davorinovega-The-Rise-of-Davorins-Farewell-olje-na-platnu-100x80-cm-2010-160x160.jpg\" class=\"lightbox-active lightbox-image\" data-sub-html=\"<div class=&quot;lightbox-text-wrap &quot;><h4 class=&quot;lightbox-text lightbox-text-title&quot;>Vzlet slovesa Davorinovega (The Rise of Davorin\u2019s Farewell), olje na platnu, 100x80 cm, 2010<\/h4><\/div>\" href=\"https:\/\/karmenbajec.com\/wp-content\/uploads\/2024\/07\/Vzlet-slovesa-Davorinovega-The-Rise-of-Davorins-Farewell-olje-na-platnu-100x80-cm-2010-scaled.jpg\" data-src=\"https:\/\/karmenbajec.com\/wp-content\/uploads\/2024\/07\/Vzlet-slovesa-Davorinovega-The-Rise-of-Davorins-Farewell-olje-na-platnu-100x80-cm-2010-scaled.jpg\"><img data-src=\"https:\/\/karmenbajec.com\/wp-content\/uploads\/2024\/07\/Vzlet-slovesa-Davorinovega-The-Rise-of-Davorins-Farewell-olje-na-platnu-100x80-cm-2010-scaled.jpg\" alt=\"\" class=\"owl-lazy lazyload\"\/><\/a><div class=\"slideshow-owl-title\">Vzlet slovesa Davorinovega (The Rise of Davorin\u2019s Farewell), olje na platnu, 100x80 cm, 2010<\/div><\/div><\/div><\/div>\t\t\t\t<\/div>\n\t\t\t\t<\/div>\n\t\t\t\t\t<\/div>\n\t\t<\/div>\n\t\t\t\t\t<\/div>\n\t\t<\/section>\n\t\t\t\t<\/div>\n\t\t","protected":false},"excerpt":{"rendered":"<p>Odmev solin \u2013 zadnje sveti\u0161\u010de (Echo of the Salt Plains \u2013 Final Temple), akril na platnu, 120\u00d770 cm, 2015Posoda z du\u0161o (Vessel with a Soul), olje na platnu, 120\u00d780 cm, 2022Ptici v srcu (Birds in the Heart), olje na platnu, 30\u00d730 cm, 2014Pti\u010dja pesem (Bird\u2019s Song), 40\u00d7160 cm, olje na platnu, 2014Vzlet slovesa Davorinovega (The Rise of Davorin\u2019s Farewell), olje na platnu, 100\u00d780 cm, 2010<\/p>\n","protected":false},"author":1,"featured_media":0,"parent":0,"menu_order":0,"comment_status":"closed","ping_status":"closed","template":"","meta":{"footnotes":""},"class_list":["post-1945","page","type-page","status-publish","hentry"],"yoast_head":"<!-- This site is optimized with the Yoast SEO plugin v27.5 - https:\/\/yoast.com\/product\/yoast-seo-wordpress\/ -->\n<title>Vibracije v naravi, 2010 - 2022 - KARMEN BAJEC<\/title>\n<meta name=\"robots\" content=\"index, follow, max-snippet:-1, max-image-preview:large, max-video-preview:-1\" \/>\n<link rel=\"canonical\" href=\"https:\/\/karmenbajec.com\/sl\/vibracije-v-naravi-2010-2022\/\" \/>\n<meta property=\"og:locale\" content=\"sl_SI\" \/>\n<meta property=\"og:type\" content=\"article\" \/>\n<meta property=\"og:title\" content=\"Vibracije v naravi, 2010 - 2022 - KARMEN BAJEC\" \/>\n<meta property=\"og:description\" content=\"Odmev solin \u2013 zadnje sveti\u0161\u010de (Echo of the Salt Plains \u2013 Final Temple), akril na platnu, 120\u00d770 cm, 2015Posoda z du\u0161o (Vessel with a Soul), olje na platnu, 120\u00d780 cm, 2022Ptici v srcu (Birds in the Heart), olje na platnu, 30\u00d730 cm, 2014Pti\u010dja pesem (Bird\u2019s Song), 40\u00d7160 cm, olje na platnu, 2014Vzlet slovesa Davorinovega (The Rise of Davorin\u2019s Farewell), olje na platnu, 100\u00d780 cm, 2010\" \/>\n<meta property=\"og:url\" content=\"https:\/\/karmenbajec.com\/sl\/vibracije-v-naravi-2010-2022\/\" \/>\n<meta property=\"og:site_name\" content=\"KARMEN BAJEC\" \/>\n<meta property=\"article:modified_time\" content=\"2024-07-29T04:27:33+00:00\" \/>\n<meta property=\"og:image\" content=\"https:\/\/karmenbajec.com\/wp-content\/uploads\/2024\/07\/Posoda-z-duso-Vessel-with-a-Soul-olje-na-platnu-120x80-cm-2022-1-scaled.jpg\" \/>\n<meta name=\"twitter:card\" content=\"summary_large_image\" \/>\n<script type=\"application\/ld+json\" class=\"yoast-schema-graph\">{\"@context\":\"https:\\\/\\\/schema.org\",\"@graph\":[{\"@type\":\"WebPage\",\"@id\":\"https:\\\/\\\/karmenbajec.com\\\/sl\\\/vibracije-v-naravi-2010-2022\\\/\",\"url\":\"https:\\\/\\\/karmenbajec.com\\\/sl\\\/vibracije-v-naravi-2010-2022\\\/\",\"name\":\"Vibracije v naravi, 2010 - 2022 - KARMEN BAJEC\",\"isPartOf\":{\"@id\":\"https:\\\/\\\/karmenbajec.com\\\/sl\\\/#website\"},\"primaryImageOfPage\":{\"@id\":\"https:\\\/\\\/karmenbajec.com\\\/sl\\\/vibracije-v-naravi-2010-2022\\\/#primaryimage\"},\"image\":{\"@id\":\"https:\\\/\\\/karmenbajec.com\\\/sl\\\/vibracije-v-naravi-2010-2022\\\/#primaryimage\"},\"thumbnailUrl\":\"https:\\\/\\\/karmenbajec.com\\\/wp-content\\\/uploads\\\/2024\\\/07\\\/Posoda-z-duso-Vessel-with-a-Soul-olje-na-platnu-120x80-cm-2022-1-scaled.jpg\",\"datePublished\":\"2019-06-09T16:48:13+00:00\",\"dateModified\":\"2024-07-29T04:27:33+00:00\",\"breadcrumb\":{\"@id\":\"https:\\\/\\\/karmenbajec.com\\\/sl\\\/vibracije-v-naravi-2010-2022\\\/#breadcrumb\"},\"inLanguage\":\"sl-SI\",\"potentialAction\":[{\"@type\":\"ReadAction\",\"target\":[\"https:\\\/\\\/karmenbajec.com\\\/sl\\\/vibracije-v-naravi-2010-2022\\\/\"]}]},{\"@type\":\"ImageObject\",\"inLanguage\":\"sl-SI\",\"@id\":\"https:\\\/\\\/karmenbajec.com\\\/sl\\\/vibracije-v-naravi-2010-2022\\\/#primaryimage\",\"url\":\"https:\\\/\\\/karmenbajec.com\\\/wp-content\\\/uploads\\\/2024\\\/07\\\/Posoda-z-duso-Vessel-with-a-Soul-olje-na-platnu-120x80-cm-2022-1-scaled.jpg\",\"contentUrl\":\"https:\\\/\\\/karmenbajec.com\\\/wp-content\\\/uploads\\\/2024\\\/07\\\/Posoda-z-duso-Vessel-with-a-Soul-olje-na-platnu-120x80-cm-2022-1-scaled.jpg\"},{\"@type\":\"BreadcrumbList\",\"@id\":\"https:\\\/\\\/karmenbajec.com\\\/sl\\\/vibracije-v-naravi-2010-2022\\\/#breadcrumb\",\"itemListElement\":[{\"@type\":\"ListItem\",\"position\":1,\"name\":\"Home\",\"item\":\"https:\\\/\\\/karmenbajec.com\\\/sl\\\/\"},{\"@type\":\"ListItem\",\"position\":2,\"name\":\"Vibracije v naravi, 2010 &#8211; 2022\"}]},{\"@type\":\"WebSite\",\"@id\":\"https:\\\/\\\/karmenbajec.com\\\/sl\\\/#website\",\"url\":\"https:\\\/\\\/karmenbajec.com\\\/sl\\\/\",\"name\":\"KARMEN BAJEC\",\"description\":\"\",\"publisher\":{\"@id\":\"https:\\\/\\\/karmenbajec.com\\\/sl\\\/#organization\"},\"potentialAction\":[{\"@type\":\"SearchAction\",\"target\":{\"@type\":\"EntryPoint\",\"urlTemplate\":\"https:\\\/\\\/karmenbajec.com\\\/sl\\\/?s={search_term_string}\"},\"query-input\":{\"@type\":\"PropertyValueSpecification\",\"valueRequired\":true,\"valueName\":\"search_term_string\"}}],\"inLanguage\":\"sl-SI\"},{\"@type\":\"Organization\",\"@id\":\"https:\\\/\\\/karmenbajec.com\\\/sl\\\/#organization\",\"name\":\"KARMEN BAJEC\",\"url\":\"https:\\\/\\\/karmenbajec.com\\\/sl\\\/\",\"logo\":{\"@type\":\"ImageObject\",\"inLanguage\":\"sl-SI\",\"@id\":\"https:\\\/\\\/karmenbajec.com\\\/sl\\\/#\\\/schema\\\/logo\\\/image\\\/\",\"url\":\"https:\\\/\\\/karmenbajec.com\\\/wp-content\\\/uploads\\\/2024\\\/06\\\/LOGO-eng.png\",\"contentUrl\":\"https:\\\/\\\/karmenbajec.com\\\/wp-content\\\/uploads\\\/2024\\\/06\\\/LOGO-eng.png\",\"width\":500,\"height\":500,\"caption\":\"KARMEN BAJEC\"},\"image\":{\"@id\":\"https:\\\/\\\/karmenbajec.com\\\/sl\\\/#\\\/schema\\\/logo\\\/image\\\/\"}}]}<\/script>\n<!-- \/ Yoast SEO plugin. -->","yoast_head_json":{"title":"Vibracije v naravi, 2010 - 2022 - KARMEN BAJEC","robots":{"index":"index","follow":"follow","max-snippet":"max-snippet:-1","max-image-preview":"max-image-preview:large","max-video-preview":"max-video-preview:-1"},"canonical":"https:\/\/karmenbajec.com\/sl\/vibracije-v-naravi-2010-2022\/","og_locale":"sl_SI","og_type":"article","og_title":"Vibracije v naravi, 2010 - 2022 - KARMEN BAJEC","og_description":"Odmev solin \u2013 zadnje sveti\u0161\u010de (Echo of the Salt Plains \u2013 Final Temple), akril na platnu, 120\u00d770 cm, 2015Posoda z du\u0161o (Vessel with a Soul), olje na platnu, 120\u00d780 cm, 2022Ptici v srcu (Birds in the Heart), olje na platnu, 30\u00d730 cm, 2014Pti\u010dja pesem (Bird\u2019s Song), 40\u00d7160 cm, olje na platnu, 2014Vzlet slovesa Davorinovega (The Rise of Davorin\u2019s Farewell), olje na platnu, 100\u00d780 cm, 2010","og_url":"https:\/\/karmenbajec.com\/sl\/vibracije-v-naravi-2010-2022\/","og_site_name":"KARMEN BAJEC","article_modified_time":"2024-07-29T04:27:33+00:00","og_image":[{"url":"https:\/\/karmenbajec.com\/wp-content\/uploads\/2024\/07\/Posoda-z-duso-Vessel-with-a-Soul-olje-na-platnu-120x80-cm-2022-1-scaled.jpg","type":"","width":"","height":""}],"twitter_card":"summary_large_image","schema":{"@context":"https:\/\/schema.org","@graph":[{"@type":"WebPage","@id":"https:\/\/karmenbajec.com\/sl\/vibracije-v-naravi-2010-2022\/","url":"https:\/\/karmenbajec.com\/sl\/vibracije-v-naravi-2010-2022\/","name":"Vibracije v naravi, 2010 - 2022 - KARMEN BAJEC","isPartOf":{"@id":"https:\/\/karmenbajec.com\/sl\/#website"},"primaryImageOfPage":{"@id":"https:\/\/karmenbajec.com\/sl\/vibracije-v-naravi-2010-2022\/#primaryimage"},"image":{"@id":"https:\/\/karmenbajec.com\/sl\/vibracije-v-naravi-2010-2022\/#primaryimage"},"thumbnailUrl":"https:\/\/karmenbajec.com\/wp-content\/uploads\/2024\/07\/Posoda-z-duso-Vessel-with-a-Soul-olje-na-platnu-120x80-cm-2022-1-scaled.jpg","datePublished":"2019-06-09T16:48:13+00:00","dateModified":"2024-07-29T04:27:33+00:00","breadcrumb":{"@id":"https:\/\/karmenbajec.com\/sl\/vibracije-v-naravi-2010-2022\/#breadcrumb"},"inLanguage":"sl-SI","potentialAction":[{"@type":"ReadAction","target":["https:\/\/karmenbajec.com\/sl\/vibracije-v-naravi-2010-2022\/"]}]},{"@type":"ImageObject","inLanguage":"sl-SI","@id":"https:\/\/karmenbajec.com\/sl\/vibracije-v-naravi-2010-2022\/#primaryimage","url":"https:\/\/karmenbajec.com\/wp-content\/uploads\/2024\/07\/Posoda-z-duso-Vessel-with-a-Soul-olje-na-platnu-120x80-cm-2022-1-scaled.jpg","contentUrl":"https:\/\/karmenbajec.com\/wp-content\/uploads\/2024\/07\/Posoda-z-duso-Vessel-with-a-Soul-olje-na-platnu-120x80-cm-2022-1-scaled.jpg"},{"@type":"BreadcrumbList","@id":"https:\/\/karmenbajec.com\/sl\/vibracije-v-naravi-2010-2022\/#breadcrumb","itemListElement":[{"@type":"ListItem","position":1,"name":"Home","item":"https:\/\/karmenbajec.com\/sl\/"},{"@type":"ListItem","position":2,"name":"Vibracije v naravi, 2010 &#8211; 2022"}]},{"@type":"WebSite","@id":"https:\/\/karmenbajec.com\/sl\/#website","url":"https:\/\/karmenbajec.com\/sl\/","name":"KARMEN BAJEC","description":"","publisher":{"@id":"https:\/\/karmenbajec.com\/sl\/#organization"},"potentialAction":[{"@type":"SearchAction","target":{"@type":"EntryPoint","urlTemplate":"https:\/\/karmenbajec.com\/sl\/?s={search_term_string}"},"query-input":{"@type":"PropertyValueSpecification","valueRequired":true,"valueName":"search_term_string"}}],"inLanguage":"sl-SI"},{"@type":"Organization","@id":"https:\/\/karmenbajec.com\/sl\/#organization","name":"KARMEN BAJEC","url":"https:\/\/karmenbajec.com\/sl\/","logo":{"@type":"ImageObject","inLanguage":"sl-SI","@id":"https:\/\/karmenbajec.com\/sl\/#\/schema\/logo\/image\/","url":"https:\/\/karmenbajec.com\/wp-content\/uploads\/2024\/06\/LOGO-eng.png","contentUrl":"https:\/\/karmenbajec.com\/wp-content\/uploads\/2024\/06\/LOGO-eng.png","width":500,"height":500,"caption":"KARMEN BAJEC"},"image":{"@id":"https:\/\/karmenbajec.com\/sl\/#\/schema\/logo\/image\/"}}]}},"_links":{"self":[{"href":"https:\/\/karmenbajec.com\/sl\/wp-json\/wp\/v2\/pages\/1945","targetHints":{"allow":["GET"]}}],"collection":[{"href":"https:\/\/karmenbajec.com\/sl\/wp-json\/wp\/v2\/pages"}],"about":[{"href":"https:\/\/karmenbajec.com\/sl\/wp-json\/wp\/v2\/types\/page"}],"author":[{"embeddable":true,"href":"https:\/\/karmenbajec.com\/sl\/wp-json\/wp\/v2\/users\/1"}],"replies":[{"embeddable":true,"href":"https:\/\/karmenbajec.com\/sl\/wp-json\/wp\/v2\/comments?post=1945"}],"version-history":[{"count":1,"href":"https:\/\/karmenbajec.com\/sl\/wp-json\/wp\/v2\/pages\/1945\/revisions"}],"predecessor-version":[{"id":1946,"href":"https:\/\/karmenbajec.com\/sl\/wp-json\/wp\/v2\/pages\/1945\/revisions\/1946"}],"wp:attachment":[{"href":"https:\/\/karmenbajec.com\/sl\/wp-json\/wp\/v2\/media?parent=1945"}],"curies":[{"name":"wp","href":"https:\/\/api.w.org\/{rel}","templated":true}]}}