{"id":1934,"date":"2019-11-07T17:18:27","date_gmt":"2019-11-07T17:18:27","guid":{"rendered":"https:\/\/karmenbajec.com\/nagrade-in-priznanja\/"},"modified":"2024-07-29T06:35:40","modified_gmt":"2024-07-29T06:35:40","slug":"nagrade-in-priznanja","status":"publish","type":"page","link":"https:\/\/karmenbajec.com\/sl\/nagrade-in-priznanja\/","title":{"rendered":"Nagrade in priznanja"},"content":{"rendered":"\t\t<div data-elementor-type=\"wp-page\" data-elementor-id=\"1934\" class=\"elementor elementor-1934 elementor-1049\" data-elementor-post-type=\"page\">\n\t\t\t\t<div class=\"elementor-element elementor-element-1f195fd2 e-con-full e-flex e-con e-parent\" data-id=\"1f195fd2\" data-element_type=\"container\" data-e-type=\"container\" data-settings=\"{&quot;background_background&quot;:&quot;classic&quot;}\">\n\t\t<div class=\"elementor-element elementor-element-1ae2dc6c e-con-full e-flex e-con e-child\" data-id=\"1ae2dc6c\" data-element_type=\"container\" data-e-type=\"container\">\n\t\t\t\t<div class=\"elementor-element elementor-element-5486fd16 elementor-widget-divider--view-line elementor-invisible elementor-widget elementor-widget-divider\" data-id=\"5486fd16\" data-element_type=\"widget\" data-e-type=\"widget\" data-settings=\"{&quot;_animation&quot;:&quot;fadeInLeft&quot;}\" data-widget_type=\"divider.default\">\n\t\t\t\t<div class=\"elementor-widget-container\">\n\t\t\t\t\t\t\t<div class=\"elementor-divider\">\n\t\t\t<span class=\"elementor-divider-separator\">\n\t\t\t\t\t\t<\/span>\n\t\t<\/div>\n\t\t\t\t\t\t<\/div>\n\t\t\t\t<\/div>\n\t\t\t\t<div class=\"elementor-element elementor-element-2f4fa6d2 elementor-widget__width-inherit elementor-invisible elementor-widget elementor-widget-image\" data-id=\"2f4fa6d2\" data-element_type=\"widget\" data-e-type=\"widget\" data-settings=\"{&quot;_animation&quot;:&quot;fadeIn&quot;}\" data-widget_type=\"image.default\">\n\t\t\t\t<div class=\"elementor-widget-container\">\n\t\t\t\t\t\t\t\t\t\t\t\t\t\t\t<img fetchpriority=\"high\" decoding=\"async\" width=\"960\" height=\"640\" src=\"https:\/\/karmenbajec.com\/wp-content\/uploads\/2024\/06\/PD_01573_Petra-Draskovic-Pelc-1024x683.jpg\" class=\"attachment-large size-large wp-image-1680\" alt=\"\" srcset=\"https:\/\/karmenbajec.com\/wp-content\/uploads\/2024\/06\/PD_01573_Petra-Draskovic-Pelc-1024x683.jpg 1024w, https:\/\/karmenbajec.com\/wp-content\/uploads\/2024\/06\/PD_01573_Petra-Draskovic-Pelc-300x200.jpg 300w, https:\/\/karmenbajec.com\/wp-content\/uploads\/2024\/06\/PD_01573_Petra-Draskovic-Pelc-768x512.jpg 768w, https:\/\/karmenbajec.com\/wp-content\/uploads\/2024\/06\/PD_01573_Petra-Draskovic-Pelc-1536x1024.jpg 1536w, https:\/\/karmenbajec.com\/wp-content\/uploads\/2024\/06\/PD_01573_Petra-Draskovic-Pelc-2048x1366.jpg 2048w, https:\/\/karmenbajec.com\/wp-content\/uploads\/2024\/06\/PD_01573_Petra-Draskovic-Pelc-1400x933.jpg 1400w, https:\/\/karmenbajec.com\/wp-content\/uploads\/2024\/06\/PD_01573_Petra-Draskovic-Pelc-800x533.jpg 800w\" sizes=\"(max-width: 960px) 100vw, 960px\" \/>\t\t\t\t\t\t\t\t\t\t\t\t\t\t\t<\/div>\n\t\t\t\t<\/div>\n\t\t\t\t<\/div>\n\t\t<div class=\"elementor-element elementor-element-491afbe6 e-con-full e-flex e-con e-child\" data-id=\"491afbe6\" data-element_type=\"container\" data-e-type=\"container\">\n\t\t\t\t<div class=\"elementor-element elementor-element-36f6990a elementor-widget elementor-widget-text-editor\" data-id=\"36f6990a\" data-element_type=\"widget\" data-e-type=\"widget\" data-widget_type=\"text-editor.default\">\n\t\t\t\t<div class=\"elementor-widget-container\">\n\t\t\t\t\t\t\t\t\t<ul><li>Druga nagrada XV. Kolonije diplomantov ALUO v Velenju, 2004<\/li><li>Slika Pogled, 60\u00d7100 cm, olje na platnu, 2010 je vklju\u010dena v zbirko Galerija Miklova hi\u0161a, Ribnica, 2016<\/li><li>Sliki Ti pod mojo ko\u017eo in Za\u010detek poletja sta vklju\u010deni v zbirko Ministrstva za zunanje zadeve za veleposlani\u0161tva in konzularna predstavni\u0161tva Republike Slovenije, projekt Novi val, 2020<\/li><li>Slika Obrasli zid v zbirki Galerija likovnih del Rotary Klub Postojna \u2013 Cerknica, Dobrodelna akcija Umetniki umetnikom, 2020<\/li><li>Ex-tempore De\u017eela ostrnic, Lo\u0161ka dolina, priznanje za udele\u017ebo, 2020<\/li><li>Slika Ptice v letu, 79\u00d794 cm, olje na platnu, 2015, v zbirki Galerija Nova Gorica, 2022<\/li><li>Sliki Barva \u017eada in Rde\u010da odpira pot naprej sta vklju\u010deni v zbirko arheolo\u0161kega najdi\u0161\u010da Hangzhou Liangzhu, Kitajska, 2023<\/li><\/ul>\t\t\t\t\t\t\t\t<\/div>\n\t\t\t\t<\/div>\n\t\t\t\t<\/div>\n\t\t\t\t<\/div>\n\t\t\t\t<\/div>\n\t\t","protected":false},"excerpt":{"rendered":"<p>Druga nagrada XV. Kolonije diplomantov ALUO v Velenju, 2004 Slika Pogled, 60\u00d7100 cm, olje na platnu, 2010 je vklju\u010dena v zbirko Galerija Miklova hi\u0161a, Ribnica, 2016 Sliki Ti pod mojo ko\u017eo in Za\u010detek poletja sta vklju\u010deni v zbirko Ministrstva za zunanje zadeve za veleposlani\u0161tva in konzularna predstavni\u0161tva Republike Slovenije, projekt Novi val, 2020 Slika Obrasli zid v zbirki Galerija likovnih del Rotary Klub Postojna \u2013 Cerknica, Dobrodelna akcija Umetniki umetnikom, 2020 Ex-tempore De\u017eela ostrnic, Lo\u0161ka dolina, priznanje za udele\u017ebo, 2020 [&hellip;]<\/p>\n","protected":false},"author":1,"featured_media":0,"parent":0,"menu_order":0,"comment_status":"closed","ping_status":"open","template":"elementor_header_footer","meta":{"footnotes":""},"class_list":["post-1934","page","type-page","status-publish","hentry"],"yoast_head":"<!-- This site is optimized with the Yoast SEO plugin v27.5 - https:\/\/yoast.com\/product\/yoast-seo-wordpress\/ -->\n<title>Nagrade in priznanja - KARMEN BAJEC<\/title>\n<meta name=\"robots\" content=\"index, follow, max-snippet:-1, max-image-preview:large, max-video-preview:-1\" \/>\n<link rel=\"canonical\" href=\"https:\/\/karmenbajec.com\/sl\/nagrade-in-priznanja\/\" \/>\n<meta property=\"og:locale\" content=\"sl_SI\" \/>\n<meta property=\"og:type\" content=\"article\" \/>\n<meta property=\"og:title\" content=\"Nagrade in priznanja - KARMEN BAJEC\" \/>\n<meta property=\"og:description\" content=\"Druga nagrada XV. Kolonije diplomantov ALUO v Velenju, 2004 Slika Pogled, 60\u00d7100 cm, olje na platnu, 2010 je vklju\u010dena v zbirko Galerija Miklova hi\u0161a, Ribnica, 2016 Sliki Ti pod mojo ko\u017eo in Za\u010detek poletja sta vklju\u010deni v zbirko Ministrstva za zunanje zadeve za veleposlani\u0161tva in konzularna predstavni\u0161tva Republike Slovenije, projekt Novi val, 2020 Slika Obrasli zid v zbirki Galerija likovnih del Rotary Klub Postojna \u2013 Cerknica, Dobrodelna akcija Umetniki umetnikom, 2020 Ex-tempore De\u017eela ostrnic, Lo\u0161ka dolina, priznanje za udele\u017ebo, 2020 [&hellip;]\" \/>\n<meta property=\"og:url\" content=\"https:\/\/karmenbajec.com\/sl\/nagrade-in-priznanja\/\" \/>\n<meta property=\"og:site_name\" content=\"KARMEN BAJEC\" \/>\n<meta property=\"article:modified_time\" content=\"2024-07-29T06:35:40+00:00\" \/>\n<meta property=\"og:image\" content=\"https:\/\/karmenbajec.com\/wp-content\/uploads\/2024\/06\/PD_01573_Petra-Draskovic-Pelc-1024x683.jpg\" \/>\n<meta name=\"twitter:card\" content=\"summary_large_image\" \/>\n<meta name=\"twitter:label1\" content=\"Est. reading time\" \/>\n\t<meta name=\"twitter:data1\" content=\"1 minuta\" \/>\n<script type=\"application\/ld+json\" class=\"yoast-schema-graph\">{\"@context\":\"https:\\\/\\\/schema.org\",\"@graph\":[{\"@type\":\"WebPage\",\"@id\":\"https:\\\/\\\/karmenbajec.com\\\/sl\\\/nagrade-in-priznanja\\\/\",\"url\":\"https:\\\/\\\/karmenbajec.com\\\/sl\\\/nagrade-in-priznanja\\\/\",\"name\":\"Nagrade in priznanja - KARMEN BAJEC\",\"isPartOf\":{\"@id\":\"https:\\\/\\\/karmenbajec.com\\\/sl\\\/#website\"},\"primaryImageOfPage\":{\"@id\":\"https:\\\/\\\/karmenbajec.com\\\/sl\\\/nagrade-in-priznanja\\\/#primaryimage\"},\"image\":{\"@id\":\"https:\\\/\\\/karmenbajec.com\\\/sl\\\/nagrade-in-priznanja\\\/#primaryimage\"},\"thumbnailUrl\":\"https:\\\/\\\/karmenbajec.com\\\/wp-content\\\/uploads\\\/2024\\\/06\\\/PD_01573_Petra-Draskovic-Pelc-1024x683.jpg\",\"datePublished\":\"2019-11-07T17:18:27+00:00\",\"dateModified\":\"2024-07-29T06:35:40+00:00\",\"breadcrumb\":{\"@id\":\"https:\\\/\\\/karmenbajec.com\\\/sl\\\/nagrade-in-priznanja\\\/#breadcrumb\"},\"inLanguage\":\"sl-SI\",\"potentialAction\":[{\"@type\":\"ReadAction\",\"target\":[\"https:\\\/\\\/karmenbajec.com\\\/sl\\\/nagrade-in-priznanja\\\/\"]}]},{\"@type\":\"ImageObject\",\"inLanguage\":\"sl-SI\",\"@id\":\"https:\\\/\\\/karmenbajec.com\\\/sl\\\/nagrade-in-priznanja\\\/#primaryimage\",\"url\":\"https:\\\/\\\/karmenbajec.com\\\/wp-content\\\/uploads\\\/2024\\\/06\\\/PD_01573_Petra-Draskovic-Pelc-1024x683.jpg\",\"contentUrl\":\"https:\\\/\\\/karmenbajec.com\\\/wp-content\\\/uploads\\\/2024\\\/06\\\/PD_01573_Petra-Draskovic-Pelc-1024x683.jpg\"},{\"@type\":\"BreadcrumbList\",\"@id\":\"https:\\\/\\\/karmenbajec.com\\\/sl\\\/nagrade-in-priznanja\\\/#breadcrumb\",\"itemListElement\":[{\"@type\":\"ListItem\",\"position\":1,\"name\":\"Home\",\"item\":\"https:\\\/\\\/karmenbajec.com\\\/sl\\\/\"},{\"@type\":\"ListItem\",\"position\":2,\"name\":\"Nagrade in priznanja\"}]},{\"@type\":\"WebSite\",\"@id\":\"https:\\\/\\\/karmenbajec.com\\\/sl\\\/#website\",\"url\":\"https:\\\/\\\/karmenbajec.com\\\/sl\\\/\",\"name\":\"KARMEN BAJEC\",\"description\":\"\",\"publisher\":{\"@id\":\"https:\\\/\\\/karmenbajec.com\\\/sl\\\/#organization\"},\"potentialAction\":[{\"@type\":\"SearchAction\",\"target\":{\"@type\":\"EntryPoint\",\"urlTemplate\":\"https:\\\/\\\/karmenbajec.com\\\/sl\\\/?s={search_term_string}\"},\"query-input\":{\"@type\":\"PropertyValueSpecification\",\"valueRequired\":true,\"valueName\":\"search_term_string\"}}],\"inLanguage\":\"sl-SI\"},{\"@type\":\"Organization\",\"@id\":\"https:\\\/\\\/karmenbajec.com\\\/sl\\\/#organization\",\"name\":\"KARMEN BAJEC\",\"url\":\"https:\\\/\\\/karmenbajec.com\\\/sl\\\/\",\"logo\":{\"@type\":\"ImageObject\",\"inLanguage\":\"sl-SI\",\"@id\":\"https:\\\/\\\/karmenbajec.com\\\/sl\\\/#\\\/schema\\\/logo\\\/image\\\/\",\"url\":\"https:\\\/\\\/karmenbajec.com\\\/wp-content\\\/uploads\\\/2024\\\/06\\\/LOGO-eng.png\",\"contentUrl\":\"https:\\\/\\\/karmenbajec.com\\\/wp-content\\\/uploads\\\/2024\\\/06\\\/LOGO-eng.png\",\"width\":500,\"height\":500,\"caption\":\"KARMEN BAJEC\"},\"image\":{\"@id\":\"https:\\\/\\\/karmenbajec.com\\\/sl\\\/#\\\/schema\\\/logo\\\/image\\\/\"}}]}<\/script>\n<!-- \/ Yoast SEO plugin. -->","yoast_head_json":{"title":"Nagrade in priznanja - KARMEN BAJEC","robots":{"index":"index","follow":"follow","max-snippet":"max-snippet:-1","max-image-preview":"max-image-preview:large","max-video-preview":"max-video-preview:-1"},"canonical":"https:\/\/karmenbajec.com\/sl\/nagrade-in-priznanja\/","og_locale":"sl_SI","og_type":"article","og_title":"Nagrade in priznanja - KARMEN BAJEC","og_description":"Druga nagrada XV. Kolonije diplomantov ALUO v Velenju, 2004 Slika Pogled, 60\u00d7100 cm, olje na platnu, 2010 je vklju\u010dena v zbirko Galerija Miklova hi\u0161a, Ribnica, 2016 Sliki Ti pod mojo ko\u017eo in Za\u010detek poletja sta vklju\u010deni v zbirko Ministrstva za zunanje zadeve za veleposlani\u0161tva in konzularna predstavni\u0161tva Republike Slovenije, projekt Novi val, 2020 Slika Obrasli zid v zbirki Galerija likovnih del Rotary Klub Postojna \u2013 Cerknica, Dobrodelna akcija Umetniki umetnikom, 2020 Ex-tempore De\u017eela ostrnic, Lo\u0161ka dolina, priznanje za udele\u017ebo, 2020 [&hellip;]","og_url":"https:\/\/karmenbajec.com\/sl\/nagrade-in-priznanja\/","og_site_name":"KARMEN BAJEC","article_modified_time":"2024-07-29T06:35:40+00:00","og_image":[{"url":"https:\/\/karmenbajec.com\/wp-content\/uploads\/2024\/06\/PD_01573_Petra-Draskovic-Pelc-1024x683.jpg","type":"","width":"","height":""}],"twitter_card":"summary_large_image","twitter_misc":{"Est. reading time":"1 minuta"},"schema":{"@context":"https:\/\/schema.org","@graph":[{"@type":"WebPage","@id":"https:\/\/karmenbajec.com\/sl\/nagrade-in-priznanja\/","url":"https:\/\/karmenbajec.com\/sl\/nagrade-in-priznanja\/","name":"Nagrade in priznanja - KARMEN BAJEC","isPartOf":{"@id":"https:\/\/karmenbajec.com\/sl\/#website"},"primaryImageOfPage":{"@id":"https:\/\/karmenbajec.com\/sl\/nagrade-in-priznanja\/#primaryimage"},"image":{"@id":"https:\/\/karmenbajec.com\/sl\/nagrade-in-priznanja\/#primaryimage"},"thumbnailUrl":"https:\/\/karmenbajec.com\/wp-content\/uploads\/2024\/06\/PD_01573_Petra-Draskovic-Pelc-1024x683.jpg","datePublished":"2019-11-07T17:18:27+00:00","dateModified":"2024-07-29T06:35:40+00:00","breadcrumb":{"@id":"https:\/\/karmenbajec.com\/sl\/nagrade-in-priznanja\/#breadcrumb"},"inLanguage":"sl-SI","potentialAction":[{"@type":"ReadAction","target":["https:\/\/karmenbajec.com\/sl\/nagrade-in-priznanja\/"]}]},{"@type":"ImageObject","inLanguage":"sl-SI","@id":"https:\/\/karmenbajec.com\/sl\/nagrade-in-priznanja\/#primaryimage","url":"https:\/\/karmenbajec.com\/wp-content\/uploads\/2024\/06\/PD_01573_Petra-Draskovic-Pelc-1024x683.jpg","contentUrl":"https:\/\/karmenbajec.com\/wp-content\/uploads\/2024\/06\/PD_01573_Petra-Draskovic-Pelc-1024x683.jpg"},{"@type":"BreadcrumbList","@id":"https:\/\/karmenbajec.com\/sl\/nagrade-in-priznanja\/#breadcrumb","itemListElement":[{"@type":"ListItem","position":1,"name":"Home","item":"https:\/\/karmenbajec.com\/sl\/"},{"@type":"ListItem","position":2,"name":"Nagrade in priznanja"}]},{"@type":"WebSite","@id":"https:\/\/karmenbajec.com\/sl\/#website","url":"https:\/\/karmenbajec.com\/sl\/","name":"KARMEN BAJEC","description":"","publisher":{"@id":"https:\/\/karmenbajec.com\/sl\/#organization"},"potentialAction":[{"@type":"SearchAction","target":{"@type":"EntryPoint","urlTemplate":"https:\/\/karmenbajec.com\/sl\/?s={search_term_string}"},"query-input":{"@type":"PropertyValueSpecification","valueRequired":true,"valueName":"search_term_string"}}],"inLanguage":"sl-SI"},{"@type":"Organization","@id":"https:\/\/karmenbajec.com\/sl\/#organization","name":"KARMEN BAJEC","url":"https:\/\/karmenbajec.com\/sl\/","logo":{"@type":"ImageObject","inLanguage":"sl-SI","@id":"https:\/\/karmenbajec.com\/sl\/#\/schema\/logo\/image\/","url":"https:\/\/karmenbajec.com\/wp-content\/uploads\/2024\/06\/LOGO-eng.png","contentUrl":"https:\/\/karmenbajec.com\/wp-content\/uploads\/2024\/06\/LOGO-eng.png","width":500,"height":500,"caption":"KARMEN BAJEC"},"image":{"@id":"https:\/\/karmenbajec.com\/sl\/#\/schema\/logo\/image\/"}}]}},"_links":{"self":[{"href":"https:\/\/karmenbajec.com\/sl\/wp-json\/wp\/v2\/pages\/1934","targetHints":{"allow":["GET"]}}],"collection":[{"href":"https:\/\/karmenbajec.com\/sl\/wp-json\/wp\/v2\/pages"}],"about":[{"href":"https:\/\/karmenbajec.com\/sl\/wp-json\/wp\/v2\/types\/page"}],"author":[{"embeddable":true,"href":"https:\/\/karmenbajec.com\/sl\/wp-json\/wp\/v2\/users\/1"}],"replies":[{"embeddable":true,"href":"https:\/\/karmenbajec.com\/sl\/wp-json\/wp\/v2\/comments?post=1934"}],"version-history":[{"count":9,"href":"https:\/\/karmenbajec.com\/sl\/wp-json\/wp\/v2\/pages\/1934\/revisions"}],"predecessor-version":[{"id":1978,"href":"https:\/\/karmenbajec.com\/sl\/wp-json\/wp\/v2\/pages\/1934\/revisions\/1978"}],"wp:attachment":[{"href":"https:\/\/karmenbajec.com\/sl\/wp-json\/wp\/v2\/media?parent=1934"}],"curies":[{"name":"wp","href":"https:\/\/api.w.org\/{rel}","templated":true}]}}