{"id":1927,"date":"2019-06-09T17:36:42","date_gmt":"2019-06-09T17:36:42","guid":{"rendered":"https:\/\/karmenbajec.com\/2023-2\/"},"modified":"2024-07-29T04:06:01","modified_gmt":"2024-07-29T04:06:01","slug":"2023-2","status":"publish","type":"page","link":"https:\/\/karmenbajec.com\/sl\/2023-2\/","title":{"rendered":"2023"},"content":{"rendered":"\t\t<div data-elementor-type=\"wp-post\" data-elementor-id=\"1927\" class=\"elementor elementor-1927 elementor-1009\" data-elementor-post-type=\"page\">\n\t\t\t\t<div class=\"elementor-element elementor-element-3c62f79 e-flex e-con-boxed e-con e-parent\" data-id=\"3c62f79\" data-element_type=\"container\" data-e-type=\"container\">\n\t\t\t\t\t<div class=\"e-con-inner\">\n\t\t\t\t\t<\/div>\n\t\t\t\t<\/div>\n\t\t\t\t<section class=\"elementor-section elementor-top-section elementor-element elementor-element-6110b946 elementor-section-full_width elementor-section-height-min-height elementor-section-content-middle elementor-section-height-default elementor-section-items-middle\" data-id=\"6110b946\" data-element_type=\"section\" data-e-type=\"section\">\n\t\t\t\t\t\t<div class=\"elementor-container elementor-column-gap-default\">\n\t\t\t\t\t<div class=\"elementor-column elementor-col-100 elementor-top-column elementor-element elementor-element-63a2de36\" data-id=\"63a2de36\" data-element_type=\"column\" data-e-type=\"column\">\n\t\t\t<div class=\"elementor-widget-wrap elementor-element-populated\">\n\t\t\t\t\t\t<div class=\"elementor-element elementor-element-2f71bc0 carousel-dots-yes carousel-arrow-shape-default elementor-widget elementor-widget-slideshow-carousel\" data-id=\"2f71bc0\" data-element_type=\"widget\" data-e-type=\"widget\" data-widget_type=\"slideshow-carousel.default\">\n\t\t\t\t<div class=\"elementor-widget-container\">\n\t\t\t\t\t<div class=\"gridblock-owlcarousel-wrap clearfix\"><div id=\"1927-6a0970948980e\" class=\"owl-carousel owl-slideshow-element owl-carousel-detect lightgallery-container owl-carousel-type-centercarousel\" data-autoplaytimeout=\"5000\" data-smartspeed=\"1000\" data-id=\"1927-6a0970948980e\" data-autoplay=\"true\" data-lazyload=\"true\" data-type=\"centercarousel\"><div class=\"gridblock-slideshow-element\"><a data-elementor-open-lightbox=\"no\" data-exthumbimage=\"https:\/\/karmenbajec.com\/wp-content\/uploads\/2024\/06\/Barva-zada-The-Colour-of-Jade-120-x-100-cm-akril-na-platnu-2023-2-160x160.jpg\" class=\"lightbox-active lightbox-image\" data-sub-html=\"<div class=&quot;lightbox-text-wrap &quot;><h4 class=&quot;lightbox-text lightbox-text-title&quot;>Barva \u017eada (The Colour of Jade), 120 x 100 cm, akril na platnu, 2023<\/h4><\/div>\" href=\"https:\/\/karmenbajec.com\/wp-content\/uploads\/2024\/06\/Barva-zada-The-Colour-of-Jade-120-x-100-cm-akril-na-platnu-2023-2.jpg\" data-src=\"https:\/\/karmenbajec.com\/wp-content\/uploads\/2024\/06\/Barva-zada-The-Colour-of-Jade-120-x-100-cm-akril-na-platnu-2023-2.jpg\"><img data-src=\"https:\/\/karmenbajec.com\/wp-content\/uploads\/2024\/06\/Barva-zada-The-Colour-of-Jade-120-x-100-cm-akril-na-platnu-2023-2.jpg\" alt=\"\" class=\"owl-lazy lazyload\"\/><\/a><div class=\"slideshow-owl-title\">Barva \u017eada (The Colour of Jade), 120 x 100 cm, akril na platnu, 2023<\/div><\/div><div class=\"gridblock-slideshow-element\"><a data-elementor-open-lightbox=\"no\" data-exthumbimage=\"https:\/\/karmenbajec.com\/wp-content\/uploads\/2024\/06\/Ko-pustimo-ta-svet-za-sabo-1-When-we-leave-this-world-behind-1-akril-na-platnu-120x100-cm-2023-1-160x160.jpg\" class=\"lightbox-active lightbox-image\" data-sub-html=\"<div class=&quot;lightbox-text-wrap &quot;><h4 class=&quot;lightbox-text lightbox-text-title&quot;>Ko pustimo ta svet za sabo 1 (When we leave this world behind 1), akril na platnu, 120x100 cm, 2023<\/h4><\/div>\" href=\"https:\/\/karmenbajec.com\/wp-content\/uploads\/2024\/06\/Ko-pustimo-ta-svet-za-sabo-1-When-we-leave-this-world-behind-1-akril-na-platnu-120x100-cm-2023-1.jpg\" data-src=\"https:\/\/karmenbajec.com\/wp-content\/uploads\/2024\/06\/Ko-pustimo-ta-svet-za-sabo-1-When-we-leave-this-world-behind-1-akril-na-platnu-120x100-cm-2023-1.jpg\"><img data-src=\"https:\/\/karmenbajec.com\/wp-content\/uploads\/2024\/06\/Ko-pustimo-ta-svet-za-sabo-1-When-we-leave-this-world-behind-1-akril-na-platnu-120x100-cm-2023-1.jpg\" alt=\"\" class=\"owl-lazy lazyload\"\/><\/a><div class=\"slideshow-owl-title\">Ko pustimo ta svet za sabo 1 (When we leave this world behind 1), akril na platnu, 120x100 cm, 2023<\/div><\/div><div class=\"gridblock-slideshow-element\"><a data-elementor-open-lightbox=\"no\" data-exthumbimage=\"https:\/\/karmenbajec.com\/wp-content\/uploads\/2024\/06\/Ko-pustimo-ta-svet-za-sabo-2-When-we-leave-this-world-behind-2-akril-na-paltnu-120x100-cm-2023-1-160x160.jpg\" class=\"lightbox-active lightbox-image\" data-sub-html=\"<div class=&quot;lightbox-text-wrap &quot;><h4 class=&quot;lightbox-text lightbox-text-title&quot;>Ko pustimo ta svet za sabo 2 (When we leave this world behind 2), akril na paltnu, 120x100 cm, 2023<\/h4><\/div>\" href=\"https:\/\/karmenbajec.com\/wp-content\/uploads\/2024\/06\/Ko-pustimo-ta-svet-za-sabo-2-When-we-leave-this-world-behind-2-akril-na-paltnu-120x100-cm-2023-1.jpg\" data-src=\"https:\/\/karmenbajec.com\/wp-content\/uploads\/2024\/06\/Ko-pustimo-ta-svet-za-sabo-2-When-we-leave-this-world-behind-2-akril-na-paltnu-120x100-cm-2023-1.jpg\"><img data-src=\"https:\/\/karmenbajec.com\/wp-content\/uploads\/2024\/06\/Ko-pustimo-ta-svet-za-sabo-2-When-we-leave-this-world-behind-2-akril-na-paltnu-120x100-cm-2023-1.jpg\" alt=\"\" class=\"owl-lazy lazyload\"\/><\/a><div class=\"slideshow-owl-title\">Ko pustimo ta svet za sabo 2 (When we leave this world behind 2), akril na paltnu, 120x100 cm, 2023<\/div><\/div><div class=\"gridblock-slideshow-element\"><a data-elementor-open-lightbox=\"no\" data-exthumbimage=\"https:\/\/karmenbajec.com\/wp-content\/uploads\/2024\/06\/Meditacija-na-risa-Meditation-on-a-Lynx-olje-na-platnu-110x90-cm-2019-1-160x160.jpg\" class=\"lightbox-active lightbox-image\" data-sub-html=\"<div class=&quot;lightbox-text-wrap &quot;><h4 class=&quot;lightbox-text lightbox-text-title&quot;>Meditacija na risa (Meditation on a Lynx), olje na platnu, 110x90 cm, 2019<\/h4><\/div>\" href=\"https:\/\/karmenbajec.com\/wp-content\/uploads\/2024\/06\/Meditacija-na-risa-Meditation-on-a-Lynx-olje-na-platnu-110x90-cm-2019-1-scaled.jpg\" data-src=\"https:\/\/karmenbajec.com\/wp-content\/uploads\/2024\/06\/Meditacija-na-risa-Meditation-on-a-Lynx-olje-na-platnu-110x90-cm-2019-1-scaled.jpg\"><img data-src=\"https:\/\/karmenbajec.com\/wp-content\/uploads\/2024\/06\/Meditacija-na-risa-Meditation-on-a-Lynx-olje-na-platnu-110x90-cm-2019-1-scaled.jpg\" alt=\"\" class=\"owl-lazy lazyload\"\/><\/a><div class=\"slideshow-owl-title\">Meditacija na risa (Meditation on a Lynx), olje na platnu, 110x90 cm, 2019<\/div><\/div><div class=\"gridblock-slideshow-element\"><a data-elementor-open-lightbox=\"no\" data-exthumbimage=\"https:\/\/karmenbajec.com\/wp-content\/uploads\/2024\/06\/Misliti-articoko-Thinking-an-Artichoke-akril-na-platnu-120x80-cm-2023-1-160x160.jpg\" class=\"lightbox-active lightbox-image\" data-sub-html=\"<div class=&quot;lightbox-text-wrap &quot;><h4 class=&quot;lightbox-text lightbox-text-title&quot;>Misliti arti\u010doko (Thinking an Artichoke), akril na platnu, 120x80 cm, 2023<\/h4><\/div>\" href=\"https:\/\/karmenbajec.com\/wp-content\/uploads\/2024\/06\/Misliti-articoko-Thinking-an-Artichoke-akril-na-platnu-120x80-cm-2023-1-scaled.jpg\" data-src=\"https:\/\/karmenbajec.com\/wp-content\/uploads\/2024\/06\/Misliti-articoko-Thinking-an-Artichoke-akril-na-platnu-120x80-cm-2023-1-scaled.jpg\"><img data-src=\"https:\/\/karmenbajec.com\/wp-content\/uploads\/2024\/06\/Misliti-articoko-Thinking-an-Artichoke-akril-na-platnu-120x80-cm-2023-1-scaled.jpg\" alt=\"\" class=\"owl-lazy lazyload\"\/><\/a><div class=\"slideshow-owl-title\">Misliti arti\u010doko (Thinking an Artichoke), akril na platnu, 120x80 cm, 2023<\/div><\/div><div class=\"gridblock-slideshow-element\"><a data-elementor-open-lightbox=\"no\" data-exthumbimage=\"https:\/\/karmenbajec.com\/wp-content\/uploads\/2024\/06\/Rdeca-odpira-pot-naprej-The-Red-Will-Lead-The-Way-100-x-80-cm-akril-na-platnu-2023-2-160x160.jpg\" class=\"lightbox-active lightbox-image\" data-sub-html=\"<div class=&quot;lightbox-text-wrap &quot;><h4 class=&quot;lightbox-text lightbox-text-title&quot;>Rde\u010da odpira pot naprej (The Red Will Lead The Way), 100 x 80 cm, akril na platnu, 2023<\/h4><\/div>\" href=\"https:\/\/karmenbajec.com\/wp-content\/uploads\/2024\/06\/Rdeca-odpira-pot-naprej-The-Red-Will-Lead-The-Way-100-x-80-cm-akril-na-platnu-2023-2.jpg\" data-src=\"https:\/\/karmenbajec.com\/wp-content\/uploads\/2024\/06\/Rdeca-odpira-pot-naprej-The-Red-Will-Lead-The-Way-100-x-80-cm-akril-na-platnu-2023-2.jpg\"><img data-src=\"https:\/\/karmenbajec.com\/wp-content\/uploads\/2024\/06\/Rdeca-odpira-pot-naprej-The-Red-Will-Lead-The-Way-100-x-80-cm-akril-na-platnu-2023-2.jpg\" alt=\"\" class=\"owl-lazy lazyload\"\/><\/a><div class=\"slideshow-owl-title\">Rde\u010da odpira pot naprej (The Red Will Lead The Way), 100 x 80 cm, akril na platnu, 2023<\/div><\/div><\/div><\/div>\t\t\t\t<\/div>\n\t\t\t\t<\/div>\n\t\t\t\t\t<\/div>\n\t\t<\/div>\n\t\t\t\t\t<\/div>\n\t\t<\/section>\n\t\t\t\t<\/div>\n\t\t","protected":false},"excerpt":{"rendered":"<p>Barva \u017eada (The Colour of Jade), 120 x 100 cm, akril na platnu, 2023Ko pustimo ta svet za sabo 1 (When we leave this world behind 1), akril na platnu, 120\u00d7100 cm, 2023Ko pustimo ta svet za sabo 2 (When we leave this world behind 2), akril na paltnu, 120\u00d7100 cm, 2023Meditacija na risa (Meditation on a Lynx), olje na platnu, 110\u00d790 cm, 2019Misliti arti\u010doko (Thinking an Artichoke), akril na platnu, 120\u00d780 cm, 2023Rde\u010da odpira pot naprej (The Red Will [&hellip;]<\/p>\n","protected":false},"author":1,"featured_media":0,"parent":0,"menu_order":0,"comment_status":"closed","ping_status":"closed","template":"","meta":{"footnotes":""},"class_list":["post-1927","page","type-page","status-publish","hentry"],"yoast_head":"<!-- This site is optimized with the Yoast SEO plugin v27.5 - https:\/\/yoast.com\/product\/yoast-seo-wordpress\/ -->\n<title>2023 - KARMEN BAJEC<\/title>\n<meta name=\"robots\" content=\"index, follow, max-snippet:-1, max-image-preview:large, max-video-preview:-1\" \/>\n<link rel=\"canonical\" href=\"https:\/\/karmenbajec.com\/sl\/2023-2\/\" \/>\n<meta property=\"og:locale\" content=\"sl_SI\" \/>\n<meta property=\"og:type\" content=\"article\" \/>\n<meta property=\"og:title\" content=\"2023 - KARMEN BAJEC\" \/>\n<meta property=\"og:description\" content=\"Barva \u017eada (The Colour of Jade), 120 x 100 cm, akril na platnu, 2023Ko pustimo ta svet za sabo 1 (When we leave this world behind 1), akril na platnu, 120\u00d7100 cm, 2023Ko pustimo ta svet za sabo 2 (When we leave this world behind 2), akril na paltnu, 120\u00d7100 cm, 2023Meditacija na risa (Meditation on a Lynx), olje na platnu, 110\u00d790 cm, 2019Misliti arti\u010doko (Thinking an Artichoke), akril na platnu, 120\u00d780 cm, 2023Rde\u010da odpira pot naprej (The Red Will [&hellip;]\" \/>\n<meta property=\"og:url\" content=\"https:\/\/karmenbajec.com\/sl\/2023-2\/\" \/>\n<meta property=\"og:site_name\" content=\"KARMEN BAJEC\" \/>\n<meta property=\"article:modified_time\" content=\"2024-07-29T04:06:01+00:00\" \/>\n<meta property=\"og:image\" content=\"https:\/\/karmenbajec.com\/wp-content\/uploads\/2024\/06\/Barva-zada-The-Colour-of-Jade-120-x-100-cm-akril-na-platnu-2023-2.jpg\" \/>\n<meta name=\"twitter:card\" content=\"summary_large_image\" \/>\n<script type=\"application\/ld+json\" class=\"yoast-schema-graph\">{\"@context\":\"https:\\\/\\\/schema.org\",\"@graph\":[{\"@type\":\"WebPage\",\"@id\":\"https:\\\/\\\/karmenbajec.com\\\/sl\\\/2023-2\\\/\",\"url\":\"https:\\\/\\\/karmenbajec.com\\\/sl\\\/2023-2\\\/\",\"name\":\"2023 - KARMEN BAJEC\",\"isPartOf\":{\"@id\":\"https:\\\/\\\/karmenbajec.com\\\/sl\\\/#website\"},\"primaryImageOfPage\":{\"@id\":\"https:\\\/\\\/karmenbajec.com\\\/sl\\\/2023-2\\\/#primaryimage\"},\"image\":{\"@id\":\"https:\\\/\\\/karmenbajec.com\\\/sl\\\/2023-2\\\/#primaryimage\"},\"thumbnailUrl\":\"https:\\\/\\\/karmenbajec.com\\\/wp-content\\\/uploads\\\/2024\\\/06\\\/Barva-zada-The-Colour-of-Jade-120-x-100-cm-akril-na-platnu-2023-2.jpg\",\"datePublished\":\"2019-06-09T17:36:42+00:00\",\"dateModified\":\"2024-07-29T04:06:01+00:00\",\"breadcrumb\":{\"@id\":\"https:\\\/\\\/karmenbajec.com\\\/sl\\\/2023-2\\\/#breadcrumb\"},\"inLanguage\":\"sl-SI\",\"potentialAction\":[{\"@type\":\"ReadAction\",\"target\":[\"https:\\\/\\\/karmenbajec.com\\\/sl\\\/2023-2\\\/\"]}]},{\"@type\":\"ImageObject\",\"inLanguage\":\"sl-SI\",\"@id\":\"https:\\\/\\\/karmenbajec.com\\\/sl\\\/2023-2\\\/#primaryimage\",\"url\":\"https:\\\/\\\/karmenbajec.com\\\/wp-content\\\/uploads\\\/2024\\\/06\\\/Barva-zada-The-Colour-of-Jade-120-x-100-cm-akril-na-platnu-2023-2.jpg\",\"contentUrl\":\"https:\\\/\\\/karmenbajec.com\\\/wp-content\\\/uploads\\\/2024\\\/06\\\/Barva-zada-The-Colour-of-Jade-120-x-100-cm-akril-na-platnu-2023-2.jpg\"},{\"@type\":\"BreadcrumbList\",\"@id\":\"https:\\\/\\\/karmenbajec.com\\\/sl\\\/2023-2\\\/#breadcrumb\",\"itemListElement\":[{\"@type\":\"ListItem\",\"position\":1,\"name\":\"Home\",\"item\":\"https:\\\/\\\/karmenbajec.com\\\/sl\\\/\"},{\"@type\":\"ListItem\",\"position\":2,\"name\":\"2023\"}]},{\"@type\":\"WebSite\",\"@id\":\"https:\\\/\\\/karmenbajec.com\\\/sl\\\/#website\",\"url\":\"https:\\\/\\\/karmenbajec.com\\\/sl\\\/\",\"name\":\"KARMEN BAJEC\",\"description\":\"\",\"publisher\":{\"@id\":\"https:\\\/\\\/karmenbajec.com\\\/sl\\\/#organization\"},\"potentialAction\":[{\"@type\":\"SearchAction\",\"target\":{\"@type\":\"EntryPoint\",\"urlTemplate\":\"https:\\\/\\\/karmenbajec.com\\\/sl\\\/?s={search_term_string}\"},\"query-input\":{\"@type\":\"PropertyValueSpecification\",\"valueRequired\":true,\"valueName\":\"search_term_string\"}}],\"inLanguage\":\"sl-SI\"},{\"@type\":\"Organization\",\"@id\":\"https:\\\/\\\/karmenbajec.com\\\/sl\\\/#organization\",\"name\":\"KARMEN BAJEC\",\"url\":\"https:\\\/\\\/karmenbajec.com\\\/sl\\\/\",\"logo\":{\"@type\":\"ImageObject\",\"inLanguage\":\"sl-SI\",\"@id\":\"https:\\\/\\\/karmenbajec.com\\\/sl\\\/#\\\/schema\\\/logo\\\/image\\\/\",\"url\":\"https:\\\/\\\/karmenbajec.com\\\/wp-content\\\/uploads\\\/2024\\\/06\\\/LOGO-eng.png\",\"contentUrl\":\"https:\\\/\\\/karmenbajec.com\\\/wp-content\\\/uploads\\\/2024\\\/06\\\/LOGO-eng.png\",\"width\":500,\"height\":500,\"caption\":\"KARMEN BAJEC\"},\"image\":{\"@id\":\"https:\\\/\\\/karmenbajec.com\\\/sl\\\/#\\\/schema\\\/logo\\\/image\\\/\"}}]}<\/script>\n<!-- \/ Yoast SEO plugin. -->","yoast_head_json":{"title":"2023 - KARMEN BAJEC","robots":{"index":"index","follow":"follow","max-snippet":"max-snippet:-1","max-image-preview":"max-image-preview:large","max-video-preview":"max-video-preview:-1"},"canonical":"https:\/\/karmenbajec.com\/sl\/2023-2\/","og_locale":"sl_SI","og_type":"article","og_title":"2023 - KARMEN BAJEC","og_description":"Barva \u017eada (The Colour of Jade), 120 x 100 cm, akril na platnu, 2023Ko pustimo ta svet za sabo 1 (When we leave this world behind 1), akril na platnu, 120\u00d7100 cm, 2023Ko pustimo ta svet za sabo 2 (When we leave this world behind 2), akril na paltnu, 120\u00d7100 cm, 2023Meditacija na risa (Meditation on a Lynx), olje na platnu, 110\u00d790 cm, 2019Misliti arti\u010doko (Thinking an Artichoke), akril na platnu, 120\u00d780 cm, 2023Rde\u010da odpira pot naprej (The Red Will [&hellip;]","og_url":"https:\/\/karmenbajec.com\/sl\/2023-2\/","og_site_name":"KARMEN BAJEC","article_modified_time":"2024-07-29T04:06:01+00:00","og_image":[{"url":"https:\/\/karmenbajec.com\/wp-content\/uploads\/2024\/06\/Barva-zada-The-Colour-of-Jade-120-x-100-cm-akril-na-platnu-2023-2.jpg","type":"","width":"","height":""}],"twitter_card":"summary_large_image","schema":{"@context":"https:\/\/schema.org","@graph":[{"@type":"WebPage","@id":"https:\/\/karmenbajec.com\/sl\/2023-2\/","url":"https:\/\/karmenbajec.com\/sl\/2023-2\/","name":"2023 - KARMEN BAJEC","isPartOf":{"@id":"https:\/\/karmenbajec.com\/sl\/#website"},"primaryImageOfPage":{"@id":"https:\/\/karmenbajec.com\/sl\/2023-2\/#primaryimage"},"image":{"@id":"https:\/\/karmenbajec.com\/sl\/2023-2\/#primaryimage"},"thumbnailUrl":"https:\/\/karmenbajec.com\/wp-content\/uploads\/2024\/06\/Barva-zada-The-Colour-of-Jade-120-x-100-cm-akril-na-platnu-2023-2.jpg","datePublished":"2019-06-09T17:36:42+00:00","dateModified":"2024-07-29T04:06:01+00:00","breadcrumb":{"@id":"https:\/\/karmenbajec.com\/sl\/2023-2\/#breadcrumb"},"inLanguage":"sl-SI","potentialAction":[{"@type":"ReadAction","target":["https:\/\/karmenbajec.com\/sl\/2023-2\/"]}]},{"@type":"ImageObject","inLanguage":"sl-SI","@id":"https:\/\/karmenbajec.com\/sl\/2023-2\/#primaryimage","url":"https:\/\/karmenbajec.com\/wp-content\/uploads\/2024\/06\/Barva-zada-The-Colour-of-Jade-120-x-100-cm-akril-na-platnu-2023-2.jpg","contentUrl":"https:\/\/karmenbajec.com\/wp-content\/uploads\/2024\/06\/Barva-zada-The-Colour-of-Jade-120-x-100-cm-akril-na-platnu-2023-2.jpg"},{"@type":"BreadcrumbList","@id":"https:\/\/karmenbajec.com\/sl\/2023-2\/#breadcrumb","itemListElement":[{"@type":"ListItem","position":1,"name":"Home","item":"https:\/\/karmenbajec.com\/sl\/"},{"@type":"ListItem","position":2,"name":"2023"}]},{"@type":"WebSite","@id":"https:\/\/karmenbajec.com\/sl\/#website","url":"https:\/\/karmenbajec.com\/sl\/","name":"KARMEN BAJEC","description":"","publisher":{"@id":"https:\/\/karmenbajec.com\/sl\/#organization"},"potentialAction":[{"@type":"SearchAction","target":{"@type":"EntryPoint","urlTemplate":"https:\/\/karmenbajec.com\/sl\/?s={search_term_string}"},"query-input":{"@type":"PropertyValueSpecification","valueRequired":true,"valueName":"search_term_string"}}],"inLanguage":"sl-SI"},{"@type":"Organization","@id":"https:\/\/karmenbajec.com\/sl\/#organization","name":"KARMEN BAJEC","url":"https:\/\/karmenbajec.com\/sl\/","logo":{"@type":"ImageObject","inLanguage":"sl-SI","@id":"https:\/\/karmenbajec.com\/sl\/#\/schema\/logo\/image\/","url":"https:\/\/karmenbajec.com\/wp-content\/uploads\/2024\/06\/LOGO-eng.png","contentUrl":"https:\/\/karmenbajec.com\/wp-content\/uploads\/2024\/06\/LOGO-eng.png","width":500,"height":500,"caption":"KARMEN BAJEC"},"image":{"@id":"https:\/\/karmenbajec.com\/sl\/#\/schema\/logo\/image\/"}}]}},"_links":{"self":[{"href":"https:\/\/karmenbajec.com\/sl\/wp-json\/wp\/v2\/pages\/1927","targetHints":{"allow":["GET"]}}],"collection":[{"href":"https:\/\/karmenbajec.com\/sl\/wp-json\/wp\/v2\/pages"}],"about":[{"href":"https:\/\/karmenbajec.com\/sl\/wp-json\/wp\/v2\/types\/page"}],"author":[{"embeddable":true,"href":"https:\/\/karmenbajec.com\/sl\/wp-json\/wp\/v2\/users\/1"}],"replies":[{"embeddable":true,"href":"https:\/\/karmenbajec.com\/sl\/wp-json\/wp\/v2\/comments?post=1927"}],"version-history":[{"count":1,"href":"https:\/\/karmenbajec.com\/sl\/wp-json\/wp\/v2\/pages\/1927\/revisions"}],"predecessor-version":[{"id":1928,"href":"https:\/\/karmenbajec.com\/sl\/wp-json\/wp\/v2\/pages\/1927\/revisions\/1928"}],"wp:attachment":[{"href":"https:\/\/karmenbajec.com\/sl\/wp-json\/wp\/v2\/media?parent=1927"}],"curies":[{"name":"wp","href":"https:\/\/api.w.org\/{rel}","templated":true}]}}