{"id":1923,"date":"2024-07-29T03:45:33","date_gmt":"2024-07-29T03:45:33","guid":{"rendered":"https:\/\/karmenbajec.com\/2009-2011\/"},"modified":"2024-07-29T04:05:55","modified_gmt":"2024-07-29T04:05:55","slug":"2009-2011","status":"publish","type":"page","link":"https:\/\/karmenbajec.com\/sl\/2009-2011\/","title":{"rendered":"2009 &#8211; 2011"},"content":{"rendered":"\t\t<div data-elementor-type=\"wp-page\" data-elementor-id=\"1923\" class=\"elementor elementor-1923 elementor-1891\" data-elementor-post-type=\"page\">\n\t\t\t\t\t\t<section class=\"elementor-section elementor-top-section elementor-element elementor-element-4e3b8a2a elementor-section-full_width elementor-section-height-min-height elementor-section-content-middle elementor-section-height-default elementor-section-items-middle\" data-id=\"4e3b8a2a\" data-element_type=\"section\" data-e-type=\"section\">\n\t\t\t\t\t\t<div class=\"elementor-container elementor-column-gap-default\">\n\t\t\t\t\t<div class=\"elementor-column elementor-col-100 elementor-top-column elementor-element elementor-element-5a4a1ff3\" data-id=\"5a4a1ff3\" data-element_type=\"column\" data-e-type=\"column\">\n\t\t\t<div class=\"elementor-widget-wrap elementor-element-populated\">\n\t\t\t\t\t\t<div class=\"elementor-element elementor-element-e7e74a carousel-dots-yes carousel-arrow-shape-default elementor-widget elementor-widget-slideshow-carousel\" data-id=\"e7e74a\" data-element_type=\"widget\" data-e-type=\"widget\" data-widget_type=\"slideshow-carousel.default\">\n\t\t\t\t<div class=\"elementor-widget-container\">\n\t\t\t\t\t<div class=\"gridblock-owlcarousel-wrap clearfix\"><div id=\"1923-6a097074eebe7\" class=\"owl-carousel owl-slideshow-element owl-carousel-detect lightgallery-container owl-carousel-type-centercarousel\" data-autoplaytimeout=\"5000\" data-smartspeed=\"1000\" data-id=\"1923-6a097074eebe7\" data-autoplay=\"true\" data-lazyload=\"true\" data-type=\"centercarousel\"><div class=\"gridblock-slideshow-element\"><a data-elementor-open-lightbox=\"no\" data-exthumbimage=\"https:\/\/karmenbajec.com\/wp-content\/uploads\/2024\/07\/Jaz-Me-olje-na-platnu-70x60-cm-2010-160x160.jpg\" class=\"lightbox-active lightbox-image\" data-sub-html=\"<div class=&quot;lightbox-text-wrap &quot;><h4 class=&quot;lightbox-text lightbox-text-title&quot;>Jaz (Me), olje na platnu, 70x60 cm, 2010<\/h4><\/div>\" href=\"https:\/\/karmenbajec.com\/wp-content\/uploads\/2024\/07\/Jaz-Me-olje-na-platnu-70x60-cm-2010.jpg\" data-src=\"https:\/\/karmenbajec.com\/wp-content\/uploads\/2024\/07\/Jaz-Me-olje-na-platnu-70x60-cm-2010.jpg\"><img data-src=\"https:\/\/karmenbajec.com\/wp-content\/uploads\/2024\/07\/Jaz-Me-olje-na-platnu-70x60-cm-2010.jpg\" alt=\"\" class=\"owl-lazy lazyload\"\/><\/a><div class=\"slideshow-owl-title\">Jaz (Me), olje na platnu, 70x60 cm, 2010<\/div><\/div><div class=\"gridblock-slideshow-element\"><a data-elementor-open-lightbox=\"no\" data-exthumbimage=\"https:\/\/karmenbajec.com\/wp-content\/uploads\/2024\/07\/Koroski-travnik-Meadow-of-Koroska-region-olje-na-platnu-70x50-cm-2009-160x160.jpg\" class=\"lightbox-active lightbox-image\" data-sub-html=\"<div class=&quot;lightbox-text-wrap &quot;><h4 class=&quot;lightbox-text lightbox-text-title&quot;>Koro\u0161ki travnik (Meadow of Koro\u0161ka region), olje na platnu, 70x50 cm, 2009<\/h4><\/div>\" href=\"https:\/\/karmenbajec.com\/wp-content\/uploads\/2024\/07\/Koroski-travnik-Meadow-of-Koroska-region-olje-na-platnu-70x50-cm-2009.jpg\" data-src=\"https:\/\/karmenbajec.com\/wp-content\/uploads\/2024\/07\/Koroski-travnik-Meadow-of-Koroska-region-olje-na-platnu-70x50-cm-2009.jpg\"><img data-src=\"https:\/\/karmenbajec.com\/wp-content\/uploads\/2024\/07\/Koroski-travnik-Meadow-of-Koroska-region-olje-na-platnu-70x50-cm-2009.jpg\" alt=\"\" class=\"owl-lazy lazyload\"\/><\/a><div class=\"slideshow-owl-title\">Koro\u0161ki travnik (Meadow of Koro\u0161ka region), olje na platnu, 70x50 cm, 2009<\/div><\/div><div class=\"gridblock-slideshow-element\"><a data-elementor-open-lightbox=\"no\" data-exthumbimage=\"https:\/\/karmenbajec.com\/wp-content\/uploads\/2024\/07\/Kutina-Quince-olje-na-platnu-20x20-cm-2011-160x160.jpg\" class=\"lightbox-active lightbox-image\" data-sub-html=\"<div class=&quot;lightbox-text-wrap &quot;><h4 class=&quot;lightbox-text lightbox-text-title&quot;>Kutina (Quince), olje na platnu, 20x20 cm, 2011<\/h4><\/div>\" href=\"https:\/\/karmenbajec.com\/wp-content\/uploads\/2024\/07\/Kutina-Quince-olje-na-platnu-20x20-cm-2011.jpg\" data-src=\"https:\/\/karmenbajec.com\/wp-content\/uploads\/2024\/07\/Kutina-Quince-olje-na-platnu-20x20-cm-2011.jpg\"><img data-src=\"https:\/\/karmenbajec.com\/wp-content\/uploads\/2024\/07\/Kutina-Quince-olje-na-platnu-20x20-cm-2011.jpg\" alt=\"\" class=\"owl-lazy lazyload\"\/><\/a><div class=\"slideshow-owl-title\">Kutina (Quince), olje na platnu, 20x20 cm, 2011<\/div><\/div><div class=\"gridblock-slideshow-element\"><a data-elementor-open-lightbox=\"no\" data-exthumbimage=\"https:\/\/karmenbajec.com\/wp-content\/uploads\/2024\/07\/Pogled-The-Look-olje-na-platnu-100x60-cm-2010-160x160.jpg\" class=\"lightbox-active lightbox-image\" data-sub-html=\"<div class=&quot;lightbox-text-wrap &quot;><h4 class=&quot;lightbox-text lightbox-text-title&quot;>Pogled (The Look), olje na platnu, 100x60 cm, 2010<\/h4><\/div>\" href=\"https:\/\/karmenbajec.com\/wp-content\/uploads\/2024\/07\/Pogled-The-Look-olje-na-platnu-100x60-cm-2010.jpg\" data-src=\"https:\/\/karmenbajec.com\/wp-content\/uploads\/2024\/07\/Pogled-The-Look-olje-na-platnu-100x60-cm-2010.jpg\"><img data-src=\"https:\/\/karmenbajec.com\/wp-content\/uploads\/2024\/07\/Pogled-The-Look-olje-na-platnu-100x60-cm-2010.jpg\" alt=\"\" class=\"owl-lazy lazyload\"\/><\/a><div class=\"slideshow-owl-title\">Pogled (The Look), olje na platnu, 100x60 cm, 2010<\/div><\/div><div class=\"gridblock-slideshow-element\"><a data-elementor-open-lightbox=\"no\" data-exthumbimage=\"https:\/\/karmenbajec.com\/wp-content\/uploads\/2024\/07\/Ti-pod-mojo-kozo-You-Under-My-Skin-olje-na-platnu-120x100-cm-2010-160x160.jpg\" class=\"lightbox-active lightbox-image\" data-sub-html=\"<div class=&quot;lightbox-text-wrap &quot;><h4 class=&quot;lightbox-text lightbox-text-title&quot;>Ti pod mojo ko\u017eo (You Under My Skin), olje na platnu, 120x100 cm, 2010<\/h4><\/div>\" href=\"https:\/\/karmenbajec.com\/wp-content\/uploads\/2024\/07\/Ti-pod-mojo-kozo-You-Under-My-Skin-olje-na-platnu-120x100-cm-2010.jpg\" data-src=\"https:\/\/karmenbajec.com\/wp-content\/uploads\/2024\/07\/Ti-pod-mojo-kozo-You-Under-My-Skin-olje-na-platnu-120x100-cm-2010.jpg\"><img data-src=\"https:\/\/karmenbajec.com\/wp-content\/uploads\/2024\/07\/Ti-pod-mojo-kozo-You-Under-My-Skin-olje-na-platnu-120x100-cm-2010.jpg\" alt=\"\" class=\"owl-lazy lazyload\"\/><\/a><div class=\"slideshow-owl-title\">Ti pod mojo ko\u017eo (You Under My Skin), olje na platnu, 120x100 cm, 2010<\/div><\/div><\/div><\/div>\t\t\t\t<\/div>\n\t\t\t\t<\/div>\n\t\t\t\t\t<\/div>\n\t\t<\/div>\n\t\t\t\t\t<\/div>\n\t\t<\/section>\n\t\t\t\t<\/div>\n\t\t","protected":false},"excerpt":{"rendered":"<p>Jaz (Me), olje na platnu, 70\u00d760 cm, 2010Koro\u0161ki travnik (Meadow of Koro\u0161ka region), olje na platnu, 70\u00d750 cm, 2009Kutina (Quince), olje na platnu, 20\u00d720 cm, 2011Pogled (The Look), olje na platnu, 100\u00d760 cm, 2010Ti pod mojo ko\u017eo (You Under My Skin), olje na platnu, 120\u00d7100 cm, 2010<\/p>\n","protected":false},"author":1,"featured_media":0,"parent":0,"menu_order":0,"comment_status":"closed","ping_status":"closed","template":"","meta":{"footnotes":""},"class_list":["post-1923","page","type-page","status-publish","hentry"],"yoast_head":"<!-- This site is optimized with the Yoast SEO plugin v27.5 - https:\/\/yoast.com\/product\/yoast-seo-wordpress\/ -->\n<title>2009 - 2011 - KARMEN BAJEC<\/title>\n<meta name=\"robots\" content=\"index, follow, max-snippet:-1, max-image-preview:large, max-video-preview:-1\" \/>\n<link rel=\"canonical\" href=\"https:\/\/karmenbajec.com\/sl\/2009-2011\/\" \/>\n<meta property=\"og:locale\" content=\"sl_SI\" \/>\n<meta property=\"og:type\" content=\"article\" \/>\n<meta property=\"og:title\" content=\"2009 - 2011 - KARMEN BAJEC\" \/>\n<meta property=\"og:description\" content=\"Jaz (Me), olje na platnu, 70\u00d760 cm, 2010Koro\u0161ki travnik (Meadow of Koro\u0161ka region), olje na platnu, 70\u00d750 cm, 2009Kutina (Quince), olje na platnu, 20\u00d720 cm, 2011Pogled (The Look), olje na platnu, 100\u00d760 cm, 2010Ti pod mojo ko\u017eo (You Under My Skin), olje na platnu, 120\u00d7100 cm, 2010\" \/>\n<meta property=\"og:url\" content=\"https:\/\/karmenbajec.com\/sl\/2009-2011\/\" \/>\n<meta property=\"og:site_name\" content=\"KARMEN BAJEC\" \/>\n<meta property=\"article:modified_time\" content=\"2024-07-29T04:05:55+00:00\" \/>\n<meta property=\"og:image\" content=\"https:\/\/karmenbajec.com\/wp-content\/uploads\/2024\/07\/Jaz-Me-olje-na-platnu-70x60-cm-2010.jpg\" \/>\n<meta name=\"twitter:card\" content=\"summary_large_image\" \/>\n<script type=\"application\/ld+json\" class=\"yoast-schema-graph\">{\"@context\":\"https:\\\/\\\/schema.org\",\"@graph\":[{\"@type\":\"WebPage\",\"@id\":\"https:\\\/\\\/karmenbajec.com\\\/sl\\\/2009-2011\\\/\",\"url\":\"https:\\\/\\\/karmenbajec.com\\\/sl\\\/2009-2011\\\/\",\"name\":\"2009 - 2011 - KARMEN BAJEC\",\"isPartOf\":{\"@id\":\"https:\\\/\\\/karmenbajec.com\\\/sl\\\/#website\"},\"primaryImageOfPage\":{\"@id\":\"https:\\\/\\\/karmenbajec.com\\\/sl\\\/2009-2011\\\/#primaryimage\"},\"image\":{\"@id\":\"https:\\\/\\\/karmenbajec.com\\\/sl\\\/2009-2011\\\/#primaryimage\"},\"thumbnailUrl\":\"https:\\\/\\\/karmenbajec.com\\\/wp-content\\\/uploads\\\/2024\\\/07\\\/Jaz-Me-olje-na-platnu-70x60-cm-2010.jpg\",\"datePublished\":\"2024-07-29T03:45:33+00:00\",\"dateModified\":\"2024-07-29T04:05:55+00:00\",\"breadcrumb\":{\"@id\":\"https:\\\/\\\/karmenbajec.com\\\/sl\\\/2009-2011\\\/#breadcrumb\"},\"inLanguage\":\"sl-SI\",\"potentialAction\":[{\"@type\":\"ReadAction\",\"target\":[\"https:\\\/\\\/karmenbajec.com\\\/sl\\\/2009-2011\\\/\"]}]},{\"@type\":\"ImageObject\",\"inLanguage\":\"sl-SI\",\"@id\":\"https:\\\/\\\/karmenbajec.com\\\/sl\\\/2009-2011\\\/#primaryimage\",\"url\":\"https:\\\/\\\/karmenbajec.com\\\/wp-content\\\/uploads\\\/2024\\\/07\\\/Jaz-Me-olje-na-platnu-70x60-cm-2010.jpg\",\"contentUrl\":\"https:\\\/\\\/karmenbajec.com\\\/wp-content\\\/uploads\\\/2024\\\/07\\\/Jaz-Me-olje-na-platnu-70x60-cm-2010.jpg\"},{\"@type\":\"BreadcrumbList\",\"@id\":\"https:\\\/\\\/karmenbajec.com\\\/sl\\\/2009-2011\\\/#breadcrumb\",\"itemListElement\":[{\"@type\":\"ListItem\",\"position\":1,\"name\":\"Home\",\"item\":\"https:\\\/\\\/karmenbajec.com\\\/sl\\\/\"},{\"@type\":\"ListItem\",\"position\":2,\"name\":\"2009 &#8211; 2011\"}]},{\"@type\":\"WebSite\",\"@id\":\"https:\\\/\\\/karmenbajec.com\\\/sl\\\/#website\",\"url\":\"https:\\\/\\\/karmenbajec.com\\\/sl\\\/\",\"name\":\"KARMEN BAJEC\",\"description\":\"\",\"publisher\":{\"@id\":\"https:\\\/\\\/karmenbajec.com\\\/sl\\\/#organization\"},\"potentialAction\":[{\"@type\":\"SearchAction\",\"target\":{\"@type\":\"EntryPoint\",\"urlTemplate\":\"https:\\\/\\\/karmenbajec.com\\\/sl\\\/?s={search_term_string}\"},\"query-input\":{\"@type\":\"PropertyValueSpecification\",\"valueRequired\":true,\"valueName\":\"search_term_string\"}}],\"inLanguage\":\"sl-SI\"},{\"@type\":\"Organization\",\"@id\":\"https:\\\/\\\/karmenbajec.com\\\/sl\\\/#organization\",\"name\":\"KARMEN BAJEC\",\"url\":\"https:\\\/\\\/karmenbajec.com\\\/sl\\\/\",\"logo\":{\"@type\":\"ImageObject\",\"inLanguage\":\"sl-SI\",\"@id\":\"https:\\\/\\\/karmenbajec.com\\\/sl\\\/#\\\/schema\\\/logo\\\/image\\\/\",\"url\":\"https:\\\/\\\/karmenbajec.com\\\/wp-content\\\/uploads\\\/2024\\\/06\\\/LOGO-eng.png\",\"contentUrl\":\"https:\\\/\\\/karmenbajec.com\\\/wp-content\\\/uploads\\\/2024\\\/06\\\/LOGO-eng.png\",\"width\":500,\"height\":500,\"caption\":\"KARMEN BAJEC\"},\"image\":{\"@id\":\"https:\\\/\\\/karmenbajec.com\\\/sl\\\/#\\\/schema\\\/logo\\\/image\\\/\"}}]}<\/script>\n<!-- \/ Yoast SEO plugin. -->","yoast_head_json":{"title":"2009 - 2011 - KARMEN BAJEC","robots":{"index":"index","follow":"follow","max-snippet":"max-snippet:-1","max-image-preview":"max-image-preview:large","max-video-preview":"max-video-preview:-1"},"canonical":"https:\/\/karmenbajec.com\/sl\/2009-2011\/","og_locale":"sl_SI","og_type":"article","og_title":"2009 - 2011 - KARMEN BAJEC","og_description":"Jaz (Me), olje na platnu, 70\u00d760 cm, 2010Koro\u0161ki travnik (Meadow of Koro\u0161ka region), olje na platnu, 70\u00d750 cm, 2009Kutina (Quince), olje na platnu, 20\u00d720 cm, 2011Pogled (The Look), olje na platnu, 100\u00d760 cm, 2010Ti pod mojo ko\u017eo (You Under My Skin), olje na platnu, 120\u00d7100 cm, 2010","og_url":"https:\/\/karmenbajec.com\/sl\/2009-2011\/","og_site_name":"KARMEN BAJEC","article_modified_time":"2024-07-29T04:05:55+00:00","og_image":[{"url":"https:\/\/karmenbajec.com\/wp-content\/uploads\/2024\/07\/Jaz-Me-olje-na-platnu-70x60-cm-2010.jpg","type":"","width":"","height":""}],"twitter_card":"summary_large_image","schema":{"@context":"https:\/\/schema.org","@graph":[{"@type":"WebPage","@id":"https:\/\/karmenbajec.com\/sl\/2009-2011\/","url":"https:\/\/karmenbajec.com\/sl\/2009-2011\/","name":"2009 - 2011 - KARMEN BAJEC","isPartOf":{"@id":"https:\/\/karmenbajec.com\/sl\/#website"},"primaryImageOfPage":{"@id":"https:\/\/karmenbajec.com\/sl\/2009-2011\/#primaryimage"},"image":{"@id":"https:\/\/karmenbajec.com\/sl\/2009-2011\/#primaryimage"},"thumbnailUrl":"https:\/\/karmenbajec.com\/wp-content\/uploads\/2024\/07\/Jaz-Me-olje-na-platnu-70x60-cm-2010.jpg","datePublished":"2024-07-29T03:45:33+00:00","dateModified":"2024-07-29T04:05:55+00:00","breadcrumb":{"@id":"https:\/\/karmenbajec.com\/sl\/2009-2011\/#breadcrumb"},"inLanguage":"sl-SI","potentialAction":[{"@type":"ReadAction","target":["https:\/\/karmenbajec.com\/sl\/2009-2011\/"]}]},{"@type":"ImageObject","inLanguage":"sl-SI","@id":"https:\/\/karmenbajec.com\/sl\/2009-2011\/#primaryimage","url":"https:\/\/karmenbajec.com\/wp-content\/uploads\/2024\/07\/Jaz-Me-olje-na-platnu-70x60-cm-2010.jpg","contentUrl":"https:\/\/karmenbajec.com\/wp-content\/uploads\/2024\/07\/Jaz-Me-olje-na-platnu-70x60-cm-2010.jpg"},{"@type":"BreadcrumbList","@id":"https:\/\/karmenbajec.com\/sl\/2009-2011\/#breadcrumb","itemListElement":[{"@type":"ListItem","position":1,"name":"Home","item":"https:\/\/karmenbajec.com\/sl\/"},{"@type":"ListItem","position":2,"name":"2009 &#8211; 2011"}]},{"@type":"WebSite","@id":"https:\/\/karmenbajec.com\/sl\/#website","url":"https:\/\/karmenbajec.com\/sl\/","name":"KARMEN BAJEC","description":"","publisher":{"@id":"https:\/\/karmenbajec.com\/sl\/#organization"},"potentialAction":[{"@type":"SearchAction","target":{"@type":"EntryPoint","urlTemplate":"https:\/\/karmenbajec.com\/sl\/?s={search_term_string}"},"query-input":{"@type":"PropertyValueSpecification","valueRequired":true,"valueName":"search_term_string"}}],"inLanguage":"sl-SI"},{"@type":"Organization","@id":"https:\/\/karmenbajec.com\/sl\/#organization","name":"KARMEN BAJEC","url":"https:\/\/karmenbajec.com\/sl\/","logo":{"@type":"ImageObject","inLanguage":"sl-SI","@id":"https:\/\/karmenbajec.com\/sl\/#\/schema\/logo\/image\/","url":"https:\/\/karmenbajec.com\/wp-content\/uploads\/2024\/06\/LOGO-eng.png","contentUrl":"https:\/\/karmenbajec.com\/wp-content\/uploads\/2024\/06\/LOGO-eng.png","width":500,"height":500,"caption":"KARMEN BAJEC"},"image":{"@id":"https:\/\/karmenbajec.com\/sl\/#\/schema\/logo\/image\/"}}]}},"_links":{"self":[{"href":"https:\/\/karmenbajec.com\/sl\/wp-json\/wp\/v2\/pages\/1923","targetHints":{"allow":["GET"]}}],"collection":[{"href":"https:\/\/karmenbajec.com\/sl\/wp-json\/wp\/v2\/pages"}],"about":[{"href":"https:\/\/karmenbajec.com\/sl\/wp-json\/wp\/v2\/types\/page"}],"author":[{"embeddable":true,"href":"https:\/\/karmenbajec.com\/sl\/wp-json\/wp\/v2\/users\/1"}],"replies":[{"embeddable":true,"href":"https:\/\/karmenbajec.com\/sl\/wp-json\/wp\/v2\/comments?post=1923"}],"version-history":[{"count":3,"href":"https:\/\/karmenbajec.com\/sl\/wp-json\/wp\/v2\/pages\/1923\/revisions"}],"predecessor-version":[{"id":1926,"href":"https:\/\/karmenbajec.com\/sl\/wp-json\/wp\/v2\/pages\/1923\/revisions\/1926"}],"wp:attachment":[{"href":"https:\/\/karmenbajec.com\/sl\/wp-json\/wp\/v2\/media?parent=1923"}],"curies":[{"name":"wp","href":"https:\/\/api.w.org\/{rel}","templated":true}]}}