{"id":1803,"date":"2024-06-20T16:56:34","date_gmt":"2024-06-20T16:56:34","guid":{"rendered":"https:\/\/karmenbajec.com\/dusni-kamni-2018\/"},"modified":"2024-07-28T12:55:39","modified_gmt":"2024-07-28T12:55:39","slug":"dusni-kamni-2018","status":"publish","type":"page","link":"https:\/\/karmenbajec.com\/sl\/dusni-kamni-2018\/","title":{"rendered":"Du\u0161ni kamni, 2018"},"content":{"rendered":"\t\t<div data-elementor-type=\"wp-page\" data-elementor-id=\"1803\" class=\"elementor elementor-1803 elementor-1424\" data-elementor-post-type=\"page\">\n\t\t\t\t\t\t<section class=\"elementor-section elementor-top-section elementor-element elementor-element-43fecb3e elementor-section-full_width elementor-section-height-min-height elementor-section-content-middle elementor-section-height-default elementor-section-items-middle\" data-id=\"43fecb3e\" data-element_type=\"section\" data-e-type=\"section\">\n\t\t\t\t\t\t<div class=\"elementor-container elementor-column-gap-default\">\n\t\t\t\t\t<div class=\"elementor-column elementor-col-100 elementor-top-column elementor-element elementor-element-b45735b\" data-id=\"b45735b\" data-element_type=\"column\" data-e-type=\"column\">\n\t\t\t<div class=\"elementor-widget-wrap elementor-element-populated\">\n\t\t\t\t\t\t<div class=\"elementor-element elementor-element-471015f9 carousel-dots-yes carousel-arrow-shape-default elementor-widget elementor-widget-slideshow-carousel\" data-id=\"471015f9\" data-element_type=\"widget\" data-e-type=\"widget\" data-widget_type=\"slideshow-carousel.default\">\n\t\t\t\t<div class=\"elementor-widget-container\">\n\t\t\t\t\t<div class=\"gridblock-owlcarousel-wrap clearfix\"><div id=\"1803-6a098354e9dd0\" class=\"owl-carousel owl-slideshow-element owl-carousel-detect lightgallery-container owl-carousel-type-centercarousel\" data-autoplaytimeout=\"5000\" data-smartspeed=\"1000\" data-id=\"1803-6a098354e9dd0\" data-autoplay=\"true\" data-lazyload=\"true\" data-type=\"centercarousel\"><div class=\"gridblock-slideshow-element\"><a data-elementor-open-lightbox=\"no\" data-exthumbimage=\"https:\/\/karmenbajec.com\/wp-content\/uploads\/2024\/06\/Cerknisko-jezero-Cerknica-Intermittent-Lake-akril-na-kamnu-45x35-cm-2018-160x160.jpg\" class=\"lightbox-active lightbox-image\" data-sub-html=\"<div class=&quot;lightbox-text-wrap &quot;><h4 class=&quot;lightbox-text lightbox-text-title&quot;>Cerkni\u0161ko jezero (Cerknica Intermittent Lake), akril na kamnu, 45x35 cm, 2018<\/h4><\/div>\" href=\"https:\/\/karmenbajec.com\/wp-content\/uploads\/2024\/06\/Cerknisko-jezero-Cerknica-Intermittent-Lake-akril-na-kamnu-45x35-cm-2018.jpg\" data-src=\"https:\/\/karmenbajec.com\/wp-content\/uploads\/2024\/06\/Cerknisko-jezero-Cerknica-Intermittent-Lake-akril-na-kamnu-45x35-cm-2018.jpg\"><img data-src=\"https:\/\/karmenbajec.com\/wp-content\/uploads\/2024\/06\/Cerknisko-jezero-Cerknica-Intermittent-Lake-akril-na-kamnu-45x35-cm-2018.jpg\" alt=\"\" class=\"owl-lazy lazyload\"\/><\/a><div class=\"slideshow-owl-title\">Cerkni\u0161ko jezero (Cerknica Intermittent Lake), akril na kamnu, 45x35 cm, 2018<\/div><\/div><div class=\"gridblock-slideshow-element\"><a data-elementor-open-lightbox=\"no\" data-exthumbimage=\"https:\/\/karmenbajec.com\/wp-content\/uploads\/2024\/06\/Hisa-duse-House-of-the-Soul-akril-na-kamnu-35x35-cm-2018-160x160.jpg\" class=\"lightbox-active lightbox-image\" data-sub-html=\"<div class=&quot;lightbox-text-wrap &quot;><h4 class=&quot;lightbox-text lightbox-text-title&quot;>Hi\u0161a du\u0161e (House of the Soul), akril na kamnu, 35x35 cm, 2018<\/h4><\/div>\" href=\"https:\/\/karmenbajec.com\/wp-content\/uploads\/2024\/06\/Hisa-duse-House-of-the-Soul-akril-na-kamnu-35x35-cm-2018.jpg\" data-src=\"https:\/\/karmenbajec.com\/wp-content\/uploads\/2024\/06\/Hisa-duse-House-of-the-Soul-akril-na-kamnu-35x35-cm-2018.jpg\"><img data-src=\"https:\/\/karmenbajec.com\/wp-content\/uploads\/2024\/06\/Hisa-duse-House-of-the-Soul-akril-na-kamnu-35x35-cm-2018.jpg\" alt=\"\" class=\"owl-lazy lazyload\"\/><\/a><div class=\"slideshow-owl-title\">Hi\u0161a du\u0161e (House of the Soul), akril na kamnu, 35x35 cm, 2018<\/div><\/div><div class=\"gridblock-slideshow-element\"><a data-elementor-open-lightbox=\"no\" data-exthumbimage=\"https:\/\/karmenbajec.com\/wp-content\/uploads\/2024\/06\/Postavitev-Dusni-kamni-Setting-160x160.jpg\" class=\"lightbox-active lightbox-image\" data-sub-html=\"<div class=&quot;lightbox-text-wrap &quot;><h4 class=&quot;lightbox-text lightbox-text-title&quot;>Postavitev Du\u0161ni kamni (Setting)<\/h4><\/div>\" href=\"https:\/\/karmenbajec.com\/wp-content\/uploads\/2024\/06\/Postavitev-Dusni-kamni-Setting.jpg\" data-src=\"https:\/\/karmenbajec.com\/wp-content\/uploads\/2024\/06\/Postavitev-Dusni-kamni-Setting.jpg\"><img data-src=\"https:\/\/karmenbajec.com\/wp-content\/uploads\/2024\/06\/Postavitev-Dusni-kamni-Setting.jpg\" alt=\"\" class=\"owl-lazy lazyload\"\/><\/a><div class=\"slideshow-owl-title\">Postavitev Du\u0161ni kamni (Setting)<\/div><\/div><div class=\"gridblock-slideshow-element\"><a data-elementor-open-lightbox=\"no\" data-exthumbimage=\"https:\/\/karmenbajec.com\/wp-content\/uploads\/2024\/06\/Srca-na-sprehod-Gonna-Take-Our-Hearts-for-a-Walk-akril-na-kamnu-30x55-cm-2018-160x160.jpg\" class=\"lightbox-active lightbox-image\" data-sub-html=\"<div class=&quot;lightbox-text-wrap &quot;><h4 class=&quot;lightbox-text lightbox-text-title&quot;>Srca na sprehod (Gonna Take Our Hearts for a Walk), akril na kamnu, 30x55 cm, 2018<\/h4><\/div>\" href=\"https:\/\/karmenbajec.com\/wp-content\/uploads\/2024\/06\/Srca-na-sprehod-Gonna-Take-Our-Hearts-for-a-Walk-akril-na-kamnu-30x55-cm-2018.jpg\" data-src=\"https:\/\/karmenbajec.com\/wp-content\/uploads\/2024\/06\/Srca-na-sprehod-Gonna-Take-Our-Hearts-for-a-Walk-akril-na-kamnu-30x55-cm-2018.jpg\"><img data-src=\"https:\/\/karmenbajec.com\/wp-content\/uploads\/2024\/06\/Srca-na-sprehod-Gonna-Take-Our-Hearts-for-a-Walk-akril-na-kamnu-30x55-cm-2018.jpg\" alt=\"\" class=\"owl-lazy lazyload\"\/><\/a><div class=\"slideshow-owl-title\">Srca na sprehod (Gonna Take Our Hearts for a Walk), akril na kamnu, 30x55 cm, 2018<\/div><\/div><div class=\"gridblock-slideshow-element\"><a data-elementor-open-lightbox=\"no\" data-exthumbimage=\"https:\/\/karmenbajec.com\/wp-content\/uploads\/2024\/06\/Tloris-svetisca-Ground-Plan-of-a-Temple-akril-na-kamnu-45x55-cm-2018-160x160.jpg\" class=\"lightbox-active lightbox-image\" data-sub-html=\"<div class=&quot;lightbox-text-wrap &quot;><h4 class=&quot;lightbox-text lightbox-text-title&quot;>Tloris sveti\u0161\u010da (Ground Plan of a Temple), akril na kamnu, 45x55 cm, 2018<\/h4><\/div>\" href=\"https:\/\/karmenbajec.com\/wp-content\/uploads\/2024\/06\/Tloris-svetisca-Ground-Plan-of-a-Temple-akril-na-kamnu-45x55-cm-2018.jpg\" data-src=\"https:\/\/karmenbajec.com\/wp-content\/uploads\/2024\/06\/Tloris-svetisca-Ground-Plan-of-a-Temple-akril-na-kamnu-45x55-cm-2018.jpg\"><img data-src=\"https:\/\/karmenbajec.com\/wp-content\/uploads\/2024\/06\/Tloris-svetisca-Ground-Plan-of-a-Temple-akril-na-kamnu-45x55-cm-2018.jpg\" alt=\"\" class=\"owl-lazy lazyload\"\/><\/a><div class=\"slideshow-owl-title\">Tloris sveti\u0161\u010da (Ground Plan of a Temple), akril na kamnu, 45x55 cm, 2018<\/div><\/div><div class=\"gridblock-slideshow-element\"><a data-elementor-open-lightbox=\"no\" data-exthumbimage=\"https:\/\/karmenbajec.com\/wp-content\/uploads\/2024\/06\/Vse-je-le-postaja-Everything-is-just-a-Station-akril-na-kamnu-35x45-cm-2018-160x160.jpg\" class=\"lightbox-active lightbox-image\" data-sub-html=\"<div class=&quot;lightbox-text-wrap &quot;><h4 class=&quot;lightbox-text lightbox-text-title&quot;>Vse je le postaja (Everything is just a Station), akril na kamnu, 35x45 cm, 2018<\/h4><\/div>\" href=\"https:\/\/karmenbajec.com\/wp-content\/uploads\/2024\/06\/Vse-je-le-postaja-Everything-is-just-a-Station-akril-na-kamnu-35x45-cm-2018.jpg\" data-src=\"https:\/\/karmenbajec.com\/wp-content\/uploads\/2024\/06\/Vse-je-le-postaja-Everything-is-just-a-Station-akril-na-kamnu-35x45-cm-2018.jpg\"><img data-src=\"https:\/\/karmenbajec.com\/wp-content\/uploads\/2024\/06\/Vse-je-le-postaja-Everything-is-just-a-Station-akril-na-kamnu-35x45-cm-2018.jpg\" alt=\"\" class=\"owl-lazy lazyload\"\/><\/a><div class=\"slideshow-owl-title\">Vse je le postaja (Everything is just a Station), akril na kamnu, 35x45 cm, 2018<\/div><\/div><div class=\"gridblock-slideshow-element\"><a data-elementor-open-lightbox=\"no\" data-exthumbimage=\"https:\/\/karmenbajec.com\/wp-content\/uploads\/2024\/06\/Zgodba-o-ljubezni-Story-of-Love-45x55-cm-akril-na-kamnu-2018-160x160.jpg\" class=\"lightbox-active lightbox-image\" data-sub-html=\"<div class=&quot;lightbox-text-wrap &quot;><h4 class=&quot;lightbox-text lightbox-text-title&quot;>Zgodba o ljubezni (Story of Love), 45x55 cm, akril na kamnu, 2018<\/h4><\/div>\" href=\"https:\/\/karmenbajec.com\/wp-content\/uploads\/2024\/06\/Zgodba-o-ljubezni-Story-of-Love-45x55-cm-akril-na-kamnu-2018.jpg\" data-src=\"https:\/\/karmenbajec.com\/wp-content\/uploads\/2024\/06\/Zgodba-o-ljubezni-Story-of-Love-45x55-cm-akril-na-kamnu-2018.jpg\"><img data-src=\"https:\/\/karmenbajec.com\/wp-content\/uploads\/2024\/06\/Zgodba-o-ljubezni-Story-of-Love-45x55-cm-akril-na-kamnu-2018.jpg\" alt=\"\" class=\"owl-lazy lazyload\"\/><\/a><div class=\"slideshow-owl-title\">Zgodba o ljubezni (Story of Love), 45x55 cm, akril na kamnu, 2018<\/div><\/div><\/div><\/div>\t\t\t\t<\/div>\n\t\t\t\t<\/div>\n\t\t\t\t\t<\/div>\n\t\t<\/div>\n\t\t\t\t\t<\/div>\n\t\t<\/section>\n\t\t\t\t<\/div>\n\t\t","protected":false},"excerpt":{"rendered":"<p>Cerkni\u0161ko jezero (Cerknica Intermittent Lake), akril na kamnu, 45\u00d735 cm, 2018Hi\u0161a du\u0161e (House of the Soul), akril na kamnu, 35\u00d735 cm, 2018Postavitev Du\u0161ni kamni (Setting)Srca na sprehod (Gonna Take Our Hearts for a Walk), akril na kamnu, 30\u00d755 cm, 2018Tloris sveti\u0161\u010da (Ground Plan of a Temple), akril na kamnu, 45\u00d755 cm, 2018Vse je le postaja (Everything is just a Station), akril na kamnu, 35\u00d745 cm, 2018Zgodba o ljubezni (Story of Love), 45\u00d755 cm, akril na kamnu, 2018<\/p>\n","protected":false},"author":1,"featured_media":0,"parent":0,"menu_order":0,"comment_status":"closed","ping_status":"closed","template":"","meta":{"footnotes":""},"class_list":["post-1803","page","type-page","status-publish","hentry"],"yoast_head":"<!-- This site is optimized with the Yoast SEO plugin v27.5 - https:\/\/yoast.com\/product\/yoast-seo-wordpress\/ -->\n<title>Du\u0161ni kamni, 2018 - KARMEN BAJEC<\/title>\n<meta name=\"robots\" content=\"index, follow, max-snippet:-1, max-image-preview:large, max-video-preview:-1\" \/>\n<link rel=\"canonical\" href=\"https:\/\/karmenbajec.com\/sl\/dusni-kamni-2018\/\" \/>\n<meta property=\"og:locale\" content=\"sl_SI\" \/>\n<meta property=\"og:type\" content=\"article\" \/>\n<meta property=\"og:title\" content=\"Du\u0161ni kamni, 2018 - KARMEN BAJEC\" \/>\n<meta property=\"og:description\" content=\"Cerkni\u0161ko jezero (Cerknica Intermittent Lake), akril na kamnu, 45\u00d735 cm, 2018Hi\u0161a du\u0161e (House of the Soul), akril na kamnu, 35\u00d735 cm, 2018Postavitev Du\u0161ni kamni (Setting)Srca na sprehod (Gonna Take Our Hearts for a Walk), akril na kamnu, 30\u00d755 cm, 2018Tloris sveti\u0161\u010da (Ground Plan of a Temple), akril na kamnu, 45\u00d755 cm, 2018Vse je le postaja (Everything is just a Station), akril na kamnu, 35\u00d745 cm, 2018Zgodba o ljubezni (Story of Love), 45\u00d755 cm, akril na kamnu, 2018\" \/>\n<meta property=\"og:url\" content=\"https:\/\/karmenbajec.com\/sl\/dusni-kamni-2018\/\" \/>\n<meta property=\"og:site_name\" content=\"KARMEN BAJEC\" \/>\n<meta property=\"article:modified_time\" content=\"2024-07-28T12:55:39+00:00\" \/>\n<meta property=\"og:image\" content=\"https:\/\/karmenbajec.com\/wp-content\/uploads\/2024\/06\/Cerknisko-jezero-Cerknica-Intermittent-Lake-akril-na-kamnu-45x35-cm-2018.jpg\" \/>\n<meta name=\"twitter:card\" content=\"summary_large_image\" \/>\n<script type=\"application\/ld+json\" class=\"yoast-schema-graph\">{\"@context\":\"https:\\\/\\\/schema.org\",\"@graph\":[{\"@type\":\"WebPage\",\"@id\":\"https:\\\/\\\/karmenbajec.com\\\/sl\\\/dusni-kamni-2018\\\/\",\"url\":\"https:\\\/\\\/karmenbajec.com\\\/sl\\\/dusni-kamni-2018\\\/\",\"name\":\"Du\u0161ni kamni, 2018 - KARMEN BAJEC\",\"isPartOf\":{\"@id\":\"https:\\\/\\\/karmenbajec.com\\\/sl\\\/#website\"},\"primaryImageOfPage\":{\"@id\":\"https:\\\/\\\/karmenbajec.com\\\/sl\\\/dusni-kamni-2018\\\/#primaryimage\"},\"image\":{\"@id\":\"https:\\\/\\\/karmenbajec.com\\\/sl\\\/dusni-kamni-2018\\\/#primaryimage\"},\"thumbnailUrl\":\"https:\\\/\\\/karmenbajec.com\\\/wp-content\\\/uploads\\\/2024\\\/06\\\/Cerknisko-jezero-Cerknica-Intermittent-Lake-akril-na-kamnu-45x35-cm-2018.jpg\",\"datePublished\":\"2024-06-20T16:56:34+00:00\",\"dateModified\":\"2024-07-28T12:55:39+00:00\",\"breadcrumb\":{\"@id\":\"https:\\\/\\\/karmenbajec.com\\\/sl\\\/dusni-kamni-2018\\\/#breadcrumb\"},\"inLanguage\":\"sl-SI\",\"potentialAction\":[{\"@type\":\"ReadAction\",\"target\":[\"https:\\\/\\\/karmenbajec.com\\\/sl\\\/dusni-kamni-2018\\\/\"]}]},{\"@type\":\"ImageObject\",\"inLanguage\":\"sl-SI\",\"@id\":\"https:\\\/\\\/karmenbajec.com\\\/sl\\\/dusni-kamni-2018\\\/#primaryimage\",\"url\":\"https:\\\/\\\/karmenbajec.com\\\/wp-content\\\/uploads\\\/2024\\\/06\\\/Cerknisko-jezero-Cerknica-Intermittent-Lake-akril-na-kamnu-45x35-cm-2018.jpg\",\"contentUrl\":\"https:\\\/\\\/karmenbajec.com\\\/wp-content\\\/uploads\\\/2024\\\/06\\\/Cerknisko-jezero-Cerknica-Intermittent-Lake-akril-na-kamnu-45x35-cm-2018.jpg\"},{\"@type\":\"BreadcrumbList\",\"@id\":\"https:\\\/\\\/karmenbajec.com\\\/sl\\\/dusni-kamni-2018\\\/#breadcrumb\",\"itemListElement\":[{\"@type\":\"ListItem\",\"position\":1,\"name\":\"Home\",\"item\":\"https:\\\/\\\/karmenbajec.com\\\/sl\\\/\"},{\"@type\":\"ListItem\",\"position\":2,\"name\":\"Du\u0161ni kamni, 2018\"}]},{\"@type\":\"WebSite\",\"@id\":\"https:\\\/\\\/karmenbajec.com\\\/sl\\\/#website\",\"url\":\"https:\\\/\\\/karmenbajec.com\\\/sl\\\/\",\"name\":\"KARMEN BAJEC\",\"description\":\"\",\"publisher\":{\"@id\":\"https:\\\/\\\/karmenbajec.com\\\/sl\\\/#organization\"},\"potentialAction\":[{\"@type\":\"SearchAction\",\"target\":{\"@type\":\"EntryPoint\",\"urlTemplate\":\"https:\\\/\\\/karmenbajec.com\\\/sl\\\/?s={search_term_string}\"},\"query-input\":{\"@type\":\"PropertyValueSpecification\",\"valueRequired\":true,\"valueName\":\"search_term_string\"}}],\"inLanguage\":\"sl-SI\"},{\"@type\":\"Organization\",\"@id\":\"https:\\\/\\\/karmenbajec.com\\\/sl\\\/#organization\",\"name\":\"KARMEN BAJEC\",\"url\":\"https:\\\/\\\/karmenbajec.com\\\/sl\\\/\",\"logo\":{\"@type\":\"ImageObject\",\"inLanguage\":\"sl-SI\",\"@id\":\"https:\\\/\\\/karmenbajec.com\\\/sl\\\/#\\\/schema\\\/logo\\\/image\\\/\",\"url\":\"https:\\\/\\\/karmenbajec.com\\\/wp-content\\\/uploads\\\/2024\\\/06\\\/LOGO-eng.png\",\"contentUrl\":\"https:\\\/\\\/karmenbajec.com\\\/wp-content\\\/uploads\\\/2024\\\/06\\\/LOGO-eng.png\",\"width\":500,\"height\":500,\"caption\":\"KARMEN BAJEC\"},\"image\":{\"@id\":\"https:\\\/\\\/karmenbajec.com\\\/sl\\\/#\\\/schema\\\/logo\\\/image\\\/\"}}]}<\/script>\n<!-- \/ Yoast SEO plugin. -->","yoast_head_json":{"title":"Du\u0161ni kamni, 2018 - KARMEN BAJEC","robots":{"index":"index","follow":"follow","max-snippet":"max-snippet:-1","max-image-preview":"max-image-preview:large","max-video-preview":"max-video-preview:-1"},"canonical":"https:\/\/karmenbajec.com\/sl\/dusni-kamni-2018\/","og_locale":"sl_SI","og_type":"article","og_title":"Du\u0161ni kamni, 2018 - KARMEN BAJEC","og_description":"Cerkni\u0161ko jezero (Cerknica Intermittent Lake), akril na kamnu, 45\u00d735 cm, 2018Hi\u0161a du\u0161e (House of the Soul), akril na kamnu, 35\u00d735 cm, 2018Postavitev Du\u0161ni kamni (Setting)Srca na sprehod (Gonna Take Our Hearts for a Walk), akril na kamnu, 30\u00d755 cm, 2018Tloris sveti\u0161\u010da (Ground Plan of a Temple), akril na kamnu, 45\u00d755 cm, 2018Vse je le postaja (Everything is just a Station), akril na kamnu, 35\u00d745 cm, 2018Zgodba o ljubezni (Story of Love), 45\u00d755 cm, akril na kamnu, 2018","og_url":"https:\/\/karmenbajec.com\/sl\/dusni-kamni-2018\/","og_site_name":"KARMEN BAJEC","article_modified_time":"2024-07-28T12:55:39+00:00","og_image":[{"url":"https:\/\/karmenbajec.com\/wp-content\/uploads\/2024\/06\/Cerknisko-jezero-Cerknica-Intermittent-Lake-akril-na-kamnu-45x35-cm-2018.jpg","type":"","width":"","height":""}],"twitter_card":"summary_large_image","schema":{"@context":"https:\/\/schema.org","@graph":[{"@type":"WebPage","@id":"https:\/\/karmenbajec.com\/sl\/dusni-kamni-2018\/","url":"https:\/\/karmenbajec.com\/sl\/dusni-kamni-2018\/","name":"Du\u0161ni kamni, 2018 - KARMEN BAJEC","isPartOf":{"@id":"https:\/\/karmenbajec.com\/sl\/#website"},"primaryImageOfPage":{"@id":"https:\/\/karmenbajec.com\/sl\/dusni-kamni-2018\/#primaryimage"},"image":{"@id":"https:\/\/karmenbajec.com\/sl\/dusni-kamni-2018\/#primaryimage"},"thumbnailUrl":"https:\/\/karmenbajec.com\/wp-content\/uploads\/2024\/06\/Cerknisko-jezero-Cerknica-Intermittent-Lake-akril-na-kamnu-45x35-cm-2018.jpg","datePublished":"2024-06-20T16:56:34+00:00","dateModified":"2024-07-28T12:55:39+00:00","breadcrumb":{"@id":"https:\/\/karmenbajec.com\/sl\/dusni-kamni-2018\/#breadcrumb"},"inLanguage":"sl-SI","potentialAction":[{"@type":"ReadAction","target":["https:\/\/karmenbajec.com\/sl\/dusni-kamni-2018\/"]}]},{"@type":"ImageObject","inLanguage":"sl-SI","@id":"https:\/\/karmenbajec.com\/sl\/dusni-kamni-2018\/#primaryimage","url":"https:\/\/karmenbajec.com\/wp-content\/uploads\/2024\/06\/Cerknisko-jezero-Cerknica-Intermittent-Lake-akril-na-kamnu-45x35-cm-2018.jpg","contentUrl":"https:\/\/karmenbajec.com\/wp-content\/uploads\/2024\/06\/Cerknisko-jezero-Cerknica-Intermittent-Lake-akril-na-kamnu-45x35-cm-2018.jpg"},{"@type":"BreadcrumbList","@id":"https:\/\/karmenbajec.com\/sl\/dusni-kamni-2018\/#breadcrumb","itemListElement":[{"@type":"ListItem","position":1,"name":"Home","item":"https:\/\/karmenbajec.com\/sl\/"},{"@type":"ListItem","position":2,"name":"Du\u0161ni kamni, 2018"}]},{"@type":"WebSite","@id":"https:\/\/karmenbajec.com\/sl\/#website","url":"https:\/\/karmenbajec.com\/sl\/","name":"KARMEN BAJEC","description":"","publisher":{"@id":"https:\/\/karmenbajec.com\/sl\/#organization"},"potentialAction":[{"@type":"SearchAction","target":{"@type":"EntryPoint","urlTemplate":"https:\/\/karmenbajec.com\/sl\/?s={search_term_string}"},"query-input":{"@type":"PropertyValueSpecification","valueRequired":true,"valueName":"search_term_string"}}],"inLanguage":"sl-SI"},{"@type":"Organization","@id":"https:\/\/karmenbajec.com\/sl\/#organization","name":"KARMEN BAJEC","url":"https:\/\/karmenbajec.com\/sl\/","logo":{"@type":"ImageObject","inLanguage":"sl-SI","@id":"https:\/\/karmenbajec.com\/sl\/#\/schema\/logo\/image\/","url":"https:\/\/karmenbajec.com\/wp-content\/uploads\/2024\/06\/LOGO-eng.png","contentUrl":"https:\/\/karmenbajec.com\/wp-content\/uploads\/2024\/06\/LOGO-eng.png","width":500,"height":500,"caption":"KARMEN BAJEC"},"image":{"@id":"https:\/\/karmenbajec.com\/sl\/#\/schema\/logo\/image\/"}}]}},"_links":{"self":[{"href":"https:\/\/karmenbajec.com\/sl\/wp-json\/wp\/v2\/pages\/1803","targetHints":{"allow":["GET"]}}],"collection":[{"href":"https:\/\/karmenbajec.com\/sl\/wp-json\/wp\/v2\/pages"}],"about":[{"href":"https:\/\/karmenbajec.com\/sl\/wp-json\/wp\/v2\/types\/page"}],"author":[{"embeddable":true,"href":"https:\/\/karmenbajec.com\/sl\/wp-json\/wp\/v2\/users\/1"}],"replies":[{"embeddable":true,"href":"https:\/\/karmenbajec.com\/sl\/wp-json\/wp\/v2\/comments?post=1803"}],"version-history":[{"count":1,"href":"https:\/\/karmenbajec.com\/sl\/wp-json\/wp\/v2\/pages\/1803\/revisions"}],"predecessor-version":[{"id":1804,"href":"https:\/\/karmenbajec.com\/sl\/wp-json\/wp\/v2\/pages\/1803\/revisions\/1804"}],"wp:attachment":[{"href":"https:\/\/karmenbajec.com\/sl\/wp-json\/wp\/v2\/media?parent=1803"}],"curies":[{"name":"wp","href":"https:\/\/api.w.org\/{rel}","templated":true}]}}